{"id":6076,"date":"2025-11-17T12:12:12","date_gmt":"2025-11-17T12:12:12","guid":{"rendered":"https:\/\/chezben.bossilo.com\/?post_type=product&#038;p=6076"},"modified":"2025-12-01T09:49:37","modified_gmt":"2025-12-01T09:49:37","slug":"vat-69","status":"publish","type":"product","link":"https:\/\/chezben.bossilo.com\/?product=vat-69","title":{"rendered":"VAT 69"},"content":{"rendered":"<h3>\ud83e\udd43 Origine et Histoire<\/h3>\n<ul>\n<li><strong>Cr\u00e9ation<\/strong> : En 1882, William Sanderson, ma\u00eetre assembleur de Leith (\u00c9cosse), \u00e9labore 100 \u00e9chantillons de whisky.<\/li>\n<li><strong>S\u00e9lection<\/strong> : Un panel d\u2019experts choisit le m\u00e9lange contenu dans la cuve num\u00e9ro 69, d\u2019o\u00f9 le nom <strong>VAT 69<\/strong>.<\/li>\n<li class=\"ps-2\"><strong>R\u00e9putation<\/strong> : Ce whisky a accompagn\u00e9 l\u2019exp\u00e9dition de Shackleton au p\u00f4le Sud et fut longtemps parmi les 10 whiskies les plus vendus au monde.<\/li>\n<\/ul>\n<div class=\"relative pb-6 w-full after:border-b after:border-stroke-300 after:w-full after:absolute after:mt-3\"><\/div>\n<h3>\ud83c\udf1f Profil de D\u00e9gustation<\/h3>\n<ul>\n<li><strong>Type<\/strong> : Blended Scotch whisky<\/li>\n<li><strong>Assemblage<\/strong> : Environ 40 malts et grains diff\u00e9rents<\/li>\n<li class=\"ps-2\"><strong>Style<\/strong> : L\u00e9ger, doux et tr\u00e8s \u00e9quilibr\u00e9<\/li>\n<li class=\"ps-2\"><strong>Notes aromatiques<\/strong> : Vanille, c\u00e9r\u00e9ales, une pointe fum\u00e9e (traditionnellement Glen Garioch comme c\u0153ur du blend)<\/li>\n<li class=\"ps-2\"><strong>Teneur en alcool<\/strong> : 40% ABV<\/li>\n<\/ul>\n<div class=\"relative pb-6 w-full after:border-b after:border-stroke-300 after:w-full after:absolute after:mt-3\"><\/div>\n<h3>\ud83d\udccc Points Forts<\/h3>\n<ul>\n<li><strong>Accessibilit\u00e9<\/strong> : Whisky abordable et facile \u00e0 boire, appr\u00e9ci\u00e9 aussi bien pur qu\u2019en cocktail.<\/li>\n<li><strong>Patrimoine<\/strong> : Plus de 140 ans d\u2019histoire, symbole d\u2019un savoir-faire \u00e9cossais.<\/li>\n<li><strong>March\u00e9s<\/strong> : Tr\u00e8s populaire en Espagne, Australie, Venezuela et Inde, o\u00f9 il est aussi embouteill\u00e9 localement.<\/li>\n<\/ul>\n<div class=\"relative pb-6 w-full after:border-b after:border-stroke-300 after:w-full after:absolute after:mt-3\"><\/div>\n<h3>\ud83c\udfaf Exemple de Description pour une Carte de Restaurant<\/h3>\n<blockquote><p><em>VAT 69 \u2013 Whisky \u00e9cossais embl\u00e9matique, au go\u00fbt doux et \u00e9quilibr\u00e9. Ses notes de vanille et sa l\u00e9g\u00e8re touche fum\u00e9e en font un compagnon id\u00e9al pour vos moments de convivialit\u00e9.<\/em><\/p><\/blockquote>\n<div><\/div>\n","protected":false},"excerpt":{"rendered":"<p>\ud83e\udd43 Origine et Histoire Cr\u00e9ation : En 1882, William Sanderson, ma\u00eetre assembleur de Leith (\u00c9cosse), \u00e9labore 100 \u00e9chantillons de whisky. S\u00e9lection : Un panel d\u2019experts choisit le m\u00e9lange contenu dans la cuve num\u00e9ro 69, d\u2019o\u00f9 le nom VAT 69. R\u00e9putation : Ce whisky a accompagn\u00e9 l\u2019exp\u00e9dition de Shackleton au p\u00f4le Sud et fut longtemps parmi [&hellip;]<\/p>\n","protected":false},"featured_media":6412,"comment_status":"open","ping_status":"closed","template":"","meta":{"_uag_custom_page_level_css":"","site-sidebar-layout":"default","site-content-layout":"","ast-site-content-layout":"default","site-content-style":"default","site-sidebar-style":"default","ast-global-header-display":"","ast-banner-title-visibility":"","ast-main-header-display":"","ast-hfb-above-header-display":"","ast-hfb-below-header-display":"","ast-hfb-mobile-header-display":"","site-post-title":"","ast-breadcrumbs-content":"","ast-featured-img":"","footer-sml-layout":"","theme-transparent-header-meta":"default","adv-header-id-meta":"","stick-header-meta":"","header-above-stick-meta":"","header-main-stick-meta":"","header-below-stick-meta":"","astra-migrate-meta-layouts":"set","ast-page-background-enabled":"default","ast-page-background-meta":{"desktop":{"background-color":"","background-image":"","background-repeat":"repeat","background-position":"center center","background-size":"auto","background-attachment":"scroll","background-type":"","background-media":"","overlay-type":"","overlay-color":"","overlay-opacity":"","overlay-gradient":""},"tablet":{"background-color":"","background-image":"","background-repeat":"repeat","background-position":"center center","background-size":"auto","background-attachment":"scroll","background-type":"","background-media":"","overlay-type":"","overlay-color":"","overlay-opacity":"","overlay-gradient":""},"mobile":{"background-color":"","background-image":"","background-repeat":"repeat","background-position":"center center","background-size":"auto","background-attachment":"scroll","background-type":"","background-media":"","overlay-type":"","overlay-color":"","overlay-opacity":"","overlay-gradient":""}},"ast-content-background-meta":{"desktop":{"background-color":"var(--ast-global-color-5)","background-image":"","background-repeat":"repeat","background-position":"center center","background-size":"auto","background-attachment":"scroll","background-type":"","background-media":"","overlay-type":"","overlay-color":"","overlay-opacity":"","overlay-gradient":""},"tablet":{"background-color":"var(--ast-global-color-5)","background-image":"","background-repeat":"repeat","background-position":"center center","background-size":"auto","background-attachment":"scroll","background-type":"","background-media":"","overlay-type":"","overlay-color":"","overlay-opacity":"","overlay-gradient":""},"mobile":{"background-color":"var(--ast-global-color-5)","background-image":"","background-repeat":"repeat","background-position":"center center","background-size":"auto","background-attachment":"scroll","background-type":"","background-media":"","overlay-type":"","overlay-color":"","overlay-opacity":"","overlay-gradient":""}}},"product_brand":[],"product_cat":[15],"product_tag":[],"class_list":{"0":"post-6076","1":"product","2":"type-product","3":"status-publish","4":"has-post-thumbnail","6":"product_cat-uncategorized","7":"desktop-align-left","8":"tablet-align-left","9":"mobile-align-left","11":"first","12":"instock","13":"taxable","14":"shipping-taxable","15":"purchasable","16":"product-type-simple"},"uagb_featured_image_src":{"full":["https:\/\/chezben.bossilo.com\/wp-content\/uploads\/2025\/11\/vat-69.jpg",1100,1100,false],"thumbnail":["https:\/\/chezben.bossilo.com\/wp-content\/uploads\/2025\/11\/vat-69-150x150.jpg",150,150,true],"medium":["https:\/\/chezben.bossilo.com\/wp-content\/uploads\/2025\/11\/vat-69-300x300.jpg",300,300,true],"medium_large":["https:\/\/chezben.bossilo.com\/wp-content\/uploads\/2025\/11\/vat-69-768x768.jpg",768,768,true],"large":["https:\/\/chezben.bossilo.com\/wp-content\/uploads\/2025\/11\/vat-69-1024x1024.jpg",1024,1024,true],"1536x1536":["https:\/\/chezben.bossilo.com\/wp-content\/uploads\/2025\/11\/vat-69.jpg",1100,1100,false],"2048x2048":["https:\/\/chezben.bossilo.com\/wp-content\/uploads\/2025\/11\/vat-69.jpg",1100,1100,false],"woocommerce_thumbnail":["https:\/\/chezben.bossilo.com\/wp-content\/uploads\/2025\/11\/vat-69-300x300.jpg",300,300,true],"woocommerce_single":["https:\/\/chezben.bossilo.com\/wp-content\/uploads\/2025\/11\/vat-69-600x600.jpg",600,600,true],"woocommerce_gallery_thumbnail":["https:\/\/chezben.bossilo.com\/wp-content\/uploads\/2025\/11\/vat-69-100x100.jpg",100,100,true]},"uagb_author_info":{"display_name":"ornellamujinga41","author_link":"https:\/\/chezben.bossilo.com\/?author=0"},"uagb_comment_info":0,"uagb_excerpt":"\ud83e\udd43 Origine et Histoire Cr\u00e9ation : En 1882, William Sanderson, ma\u00eetre assembleur de Leith (\u00c9cosse), \u00e9labore 100 \u00e9chantillons de whisky. S\u00e9lection : Un panel d\u2019experts choisit le m\u00e9lange contenu dans la cuve num\u00e9ro 69, d\u2019o\u00f9 le nom VAT 69. R\u00e9putation : Ce whisky a accompagn\u00e9 l\u2019exp\u00e9dition de Shackleton au p\u00f4le Sud et fut longtemps parmi\u2026","jetpack_sharing_enabled":true,"_links":{"self":[{"href":"https:\/\/chezben.bossilo.com\/index.php?rest_route=\/wp\/v2\/product\/6076","targetHints":{"allow":["GET"]}}],"collection":[{"href":"https:\/\/chezben.bossilo.com\/index.php?rest_route=\/wp\/v2\/product"}],"about":[{"href":"https:\/\/chezben.bossilo.com\/index.php?rest_route=\/wp\/v2\/types\/product"}],"replies":[{"embeddable":true,"href":"https:\/\/chezben.bossilo.com\/index.php?rest_route=%2Fwp%2Fv2%2Fcomments&post=6076"}],"wp:featuredmedia":[{"embeddable":true,"href":"https:\/\/chezben.bossilo.com\/index.php?rest_route=\/wp\/v2\/media\/6412"}],"wp:attachment":[{"href":"https:\/\/chezben.bossilo.com\/index.php?rest_route=%2Fwp%2Fv2%2Fmedia&parent=6076"}],"wp:term":[{"taxonomy":"product_brand","embeddable":true,"href":"https:\/\/chezben.bossilo.com\/index.php?rest_route=%2Fwp%2Fv2%2Fproduct_brand&post=6076"},{"taxonomy":"product_cat","embeddable":true,"href":"https:\/\/chezben.bossilo.com\/index.php?rest_route=%2Fwp%2Fv2%2Fproduct_cat&post=6076"},{"taxonomy":"product_tag","embeddable":true,"href":"https:\/\/chezben.bossilo.com\/index.php?rest_route=%2Fwp%2Fv2%2Fproduct_tag&post=6076"}],"curies":[{"name":"wp","href":"https:\/\/api.w.org\/{rel}","templated":true}]}}