{"id":5934,"date":"2025-11-14T14:45:23","date_gmt":"2025-11-14T14:45:23","guid":{"rendered":"https:\/\/chezben.bossilo.com\/?post_type=product&#038;p=5934"},"modified":"2025-11-15T01:14:56","modified_gmt":"2025-11-15T01:14:56","slug":"pepsi","status":"publish","type":"product","link":"https:\/\/chezben.bossilo.com\/?product=pepsi","title":{"rendered":"PEPSI"},"content":{"rendered":"<ul>\n<li>\n<h3>\ud83c\udf3f Le concept<\/h3>\n<p><em>Pepsi<\/em> est l\u2019un des sodas les plus c\u00e9l\u00e8bres au monde, cr\u00e9\u00e9 en 1893 par Caleb Bradham aux \u00c9tats-Unis. Con\u00e7u comme une boisson rafra\u00eechissante et conviviale, il est devenu un symbole de modernit\u00e9 et de culture populaire, rival direct du Coca-Cola.<\/p>\n<div><\/div>\n<h3>\ud83e\udd64 Les caract\u00e9ristiques<\/h3>\n<ul>\n<li><strong>Type<\/strong> : boisson gazeuse sucr\u00e9e, sans alcool.<\/li>\n<li><strong>Saveur<\/strong> : douce et caram\u00e9lis\u00e9e, avec des notes de vanille et d\u2019\u00e9pices.<\/li>\n<li><strong>Fabricant<\/strong> : PepsiCo.<\/li>\n<li><strong>Formats<\/strong> : canettes, bouteilles individuelles ou grands formats pour partager.<\/li>\n<li><strong>Particularit\u00e9<\/strong> : go\u00fbt l\u00e9g\u00e8rement plus sucr\u00e9 et plus doux que le Coca-Cola, appr\u00e9ci\u00e9 par les amateurs de sodas fruit\u00e9s et caram\u00e9lis\u00e9s.<\/li>\n<\/ul>\n<div><\/div>\n<h3>\u2728 L\u2019exp\u00e9rience<\/h3>\n<p>Le <em>Pepsi<\/em><\/li>\n<\/ul>\n","protected":false},"excerpt":{"rendered":"<p>\ud83c\udf3f Le concept Pepsi est l\u2019un des sodas les plus c\u00e9l\u00e8bres au monde, cr\u00e9\u00e9 en 1893 par Caleb Bradham aux \u00c9tats-Unis. Con\u00e7u comme une boisson rafra\u00eechissante et conviviale, il est devenu un symbole de modernit\u00e9 et de culture populaire, rival direct du Coca-Cola. \ud83e\udd64 Les caract\u00e9ristiques Type : boisson gazeuse sucr\u00e9e, sans alcool. Saveur : [&hellip;]<\/p>\n","protected":false},"featured_media":5935,"comment_status":"open","ping_status":"closed","template":"","meta":{"_uag_custom_page_level_css":"","site-sidebar-layout":"default","site-content-layout":"","ast-site-content-layout":"default","site-content-style":"default","site-sidebar-style":"default","ast-global-header-display":"","ast-banner-title-visibility":"","ast-main-header-display":"","ast-hfb-above-header-display":"","ast-hfb-below-header-display":"","ast-hfb-mobile-header-display":"","site-post-title":"","ast-breadcrumbs-content":"","ast-featured-img":"","footer-sml-layout":"","theme-transparent-header-meta":"default","adv-header-id-meta":"","stick-header-meta":"","header-above-stick-meta":"","header-main-stick-meta":"","header-below-stick-meta":"","astra-migrate-meta-layouts":"set","ast-page-background-enabled":"default","ast-page-background-meta":{"desktop":{"background-color":"","background-image":"","background-repeat":"repeat","background-position":"center center","background-size":"auto","background-attachment":"scroll","background-type":"","background-media":"","overlay-type":"","overlay-color":"","overlay-opacity":"","overlay-gradient":""},"tablet":{"background-color":"","background-image":"","background-repeat":"repeat","background-position":"center center","background-size":"auto","background-attachment":"scroll","background-type":"","background-media":"","overlay-type":"","overlay-color":"","overlay-opacity":"","overlay-gradient":""},"mobile":{"background-color":"","background-image":"","background-repeat":"repeat","background-position":"center center","background-size":"auto","background-attachment":"scroll","background-type":"","background-media":"","overlay-type":"","overlay-color":"","overlay-opacity":"","overlay-gradient":""}},"ast-content-background-meta":{"desktop":{"background-color":"var(--ast-global-color-5)","background-image":"","background-repeat":"repeat","background-position":"center center","background-size":"auto","background-attachment":"scroll","background-type":"","background-media":"","overlay-type":"","overlay-color":"","overlay-opacity":"","overlay-gradient":""},"tablet":{"background-color":"var(--ast-global-color-5)","background-image":"","background-repeat":"repeat","background-position":"center center","background-size":"auto","background-attachment":"scroll","background-type":"","background-media":"","overlay-type":"","overlay-color":"","overlay-opacity":"","overlay-gradient":""},"mobile":{"background-color":"var(--ast-global-color-5)","background-image":"","background-repeat":"repeat","background-position":"center center","background-size":"auto","background-attachment":"scroll","background-type":"","background-media":"","overlay-type":"","overlay-color":"","overlay-opacity":"","overlay-gradient":""}}},"product_brand":[],"product_cat":[24],"product_tag":[],"class_list":{"0":"post-5934","1":"product","2":"type-product","3":"status-publish","4":"has-post-thumbnail","6":"product_cat-sucree","7":"desktop-align-left","8":"tablet-align-left","9":"mobile-align-left","11":"first","12":"instock","13":"taxable","14":"shipping-taxable","15":"purchasable","16":"product-type-simple"},"uagb_featured_image_src":{"full":["https:\/\/chezben.bossilo.com\/wp-content\/uploads\/2025\/11\/Pepsi.jpg",600,600,false],"thumbnail":["https:\/\/chezben.bossilo.com\/wp-content\/uploads\/2025\/11\/Pepsi-150x150.jpg",150,150,true],"medium":["https:\/\/chezben.bossilo.com\/wp-content\/uploads\/2025\/11\/Pepsi-300x300.jpg",300,300,true],"medium_large":["https:\/\/chezben.bossilo.com\/wp-content\/uploads\/2025\/11\/Pepsi.jpg",600,600,false],"large":["https:\/\/chezben.bossilo.com\/wp-content\/uploads\/2025\/11\/Pepsi.jpg",600,600,false],"1536x1536":["https:\/\/chezben.bossilo.com\/wp-content\/uploads\/2025\/11\/Pepsi.jpg",600,600,false],"2048x2048":["https:\/\/chezben.bossilo.com\/wp-content\/uploads\/2025\/11\/Pepsi.jpg",600,600,false],"woocommerce_thumbnail":["https:\/\/chezben.bossilo.com\/wp-content\/uploads\/2025\/11\/Pepsi-300x300.jpg",300,300,true],"woocommerce_single":["https:\/\/chezben.bossilo.com\/wp-content\/uploads\/2025\/11\/Pepsi.jpg",600,600,false],"woocommerce_gallery_thumbnail":["https:\/\/chezben.bossilo.com\/wp-content\/uploads\/2025\/11\/Pepsi-100x100.jpg",100,100,true]},"uagb_author_info":{"display_name":"BOSSILO Billy","author_link":"https:\/\/chezben.bossilo.com\/?author=0"},"uagb_comment_info":0,"uagb_excerpt":"\ud83c\udf3f Le concept Pepsi est l\u2019un des sodas les plus c\u00e9l\u00e8bres au monde, cr\u00e9\u00e9 en 1893 par Caleb Bradham aux \u00c9tats-Unis. Con\u00e7u comme une boisson rafra\u00eechissante et conviviale, il est devenu un symbole de modernit\u00e9 et de culture populaire, rival direct du Coca-Cola. \ud83e\udd64 Les caract\u00e9ristiques Type : boisson gazeuse sucr\u00e9e, sans alcool. Saveur :\u2026","jetpack_sharing_enabled":true,"_links":{"self":[{"href":"https:\/\/chezben.bossilo.com\/index.php?rest_route=\/wp\/v2\/product\/5934","targetHints":{"allow":["GET"]}}],"collection":[{"href":"https:\/\/chezben.bossilo.com\/index.php?rest_route=\/wp\/v2\/product"}],"about":[{"href":"https:\/\/chezben.bossilo.com\/index.php?rest_route=\/wp\/v2\/types\/product"}],"replies":[{"embeddable":true,"href":"https:\/\/chezben.bossilo.com\/index.php?rest_route=%2Fwp%2Fv2%2Fcomments&post=5934"}],"wp:featuredmedia":[{"embeddable":true,"href":"https:\/\/chezben.bossilo.com\/index.php?rest_route=\/wp\/v2\/media\/5935"}],"wp:attachment":[{"href":"https:\/\/chezben.bossilo.com\/index.php?rest_route=%2Fwp%2Fv2%2Fmedia&parent=5934"}],"wp:term":[{"taxonomy":"product_brand","embeddable":true,"href":"https:\/\/chezben.bossilo.com\/index.php?rest_route=%2Fwp%2Fv2%2Fproduct_brand&post=5934"},{"taxonomy":"product_cat","embeddable":true,"href":"https:\/\/chezben.bossilo.com\/index.php?rest_route=%2Fwp%2Fv2%2Fproduct_cat&post=5934"},{"taxonomy":"product_tag","embeddable":true,"href":"https:\/\/chezben.bossilo.com\/index.php?rest_route=%2Fwp%2Fv2%2Fproduct_tag&post=5934"}],"curies":[{"name":"wp","href":"https:\/\/api.w.org\/{rel}","templated":true}]}}