{"id":5932,"date":"2025-11-14T14:40:51","date_gmt":"2025-11-14T14:40:51","guid":{"rendered":"https:\/\/chezben.bossilo.com\/?post_type=product&#038;p=5932"},"modified":"2025-11-15T01:15:30","modified_gmt":"2025-11-15T01:15:30","slug":"speed","status":"publish","type":"product","link":"https:\/\/chezben.bossilo.com\/?product=speed","title":{"rendered":"SPEED"},"content":{"rendered":"<ul>\n<li>\n<h3>\ud83c\udf3f Le concept<\/h3>\n<p>La boisson <em>Speed<\/em> s\u2019inscrit dans la cat\u00e9gorie des <strong>energy drinks<\/strong> populaires en Europe et en Afrique. Elle est pens\u00e9e pour offrir un regain d\u2019\u00e9nergie rapide, que ce soit lors d\u2019activit\u00e9s sportives, de soir\u00e9es festives ou de moments de concentration intense. Certaines d\u00e9clinaisons comme <em>Speed Zero Sucre<\/em> proposent une alternative sans sucre, tout en conservant l\u2019effet \u00e9nergisant.<\/p>\n<div class=\"relative pb-6 w-full after:border-b after:border-stroke-300 after:w-full after:absolute after:mt-3\"><\/div>\n<h3>\ud83e\udd64 Les caract\u00e9ristiques<\/h3>\n<ul>\n<li><strong>Type<\/strong> : boisson \u00e9nergisante gazeuse.<\/li>\n<li><strong>Ingr\u00e9dients principaux<\/strong> : eau gaz\u00e9ifi\u00e9e, caf\u00e9ine, taurine, \u00e9dulcorants ou sucres, vitamines du groupe B.<\/li>\n<li><strong>Saveurs disponibles<\/strong> : p\u00eache, nectarine, et autres variantes fruit\u00e9es selon les gammes.<\/li>\n<li class=\"ps-2\"><strong>Formats<\/strong> : canettes de 250 ml ou 500 ml.<\/li>\n<li><strong>Particularit\u00e9<\/strong> : certaines versions incluent du L-carnitine pour soutenir le m\u00e9tabolisme \u00e9nerg\u00e9tique.<\/li>\n<\/ul>\n<div class=\"relative pb-6 w-full after:border-b after:border-stroke-300 after:w-full after:absolute after:mt-3\"><\/div>\n<h3>\u2728 L\u2019exp\u00e9rience<\/h3>\n<p>Le <em>Speed<\/em> \u00e9voque la <strong>vivacit\u00e9 et la performance imm\u00e9diate<\/strong> : ses bulles p\u00e9tillantes et sa formule tonique procurent un effet stimulant, appr\u00e9ci\u00e9 par les jeunes, les sportifs et les f\u00eatards. C\u2019est une boisson associ\u00e9e \u00e0 l\u2019endurance, \u00e0 l\u2019\u00e9nergie et aux moments o\u00f9 l\u2019on recherche un coup de boost.<\/p>\n<div><\/div>\n<\/li>\n<\/ul>\n","protected":false},"excerpt":{"rendered":"<p>\ud83c\udf3f Le concept La boisson Speed s\u2019inscrit dans la cat\u00e9gorie des energy drinks populaires en Europe et en Afrique. Elle est pens\u00e9e pour offrir un regain d\u2019\u00e9nergie rapide, que ce soit lors d\u2019activit\u00e9s sportives, de soir\u00e9es festives ou de moments de concentration intense. Certaines d\u00e9clinaisons comme Speed Zero Sucre proposent une alternative sans sucre, tout [&hellip;]<\/p>\n","protected":false},"featured_media":5933,"comment_status":"open","ping_status":"closed","template":"","meta":{"_uag_custom_page_level_css":"","site-sidebar-layout":"default","site-content-layout":"","ast-site-content-layout":"default","site-content-style":"default","site-sidebar-style":"default","ast-global-header-display":"","ast-banner-title-visibility":"","ast-main-header-display":"","ast-hfb-above-header-display":"","ast-hfb-below-header-display":"","ast-hfb-mobile-header-display":"","site-post-title":"","ast-breadcrumbs-content":"","ast-featured-img":"","footer-sml-layout":"","theme-transparent-header-meta":"default","adv-header-id-meta":"","stick-header-meta":"","header-above-stick-meta":"","header-main-stick-meta":"","header-below-stick-meta":"","astra-migrate-meta-layouts":"set","ast-page-background-enabled":"default","ast-page-background-meta":{"desktop":{"background-color":"","background-image":"","background-repeat":"repeat","background-position":"center center","background-size":"auto","background-attachment":"scroll","background-type":"","background-media":"","overlay-type":"","overlay-color":"","overlay-opacity":"","overlay-gradient":""},"tablet":{"background-color":"","background-image":"","background-repeat":"repeat","background-position":"center center","background-size":"auto","background-attachment":"scroll","background-type":"","background-media":"","overlay-type":"","overlay-color":"","overlay-opacity":"","overlay-gradient":""},"mobile":{"background-color":"","background-image":"","background-repeat":"repeat","background-position":"center center","background-size":"auto","background-attachment":"scroll","background-type":"","background-media":"","overlay-type":"","overlay-color":"","overlay-opacity":"","overlay-gradient":""}},"ast-content-background-meta":{"desktop":{"background-color":"var(--ast-global-color-5)","background-image":"","background-repeat":"repeat","background-position":"center center","background-size":"auto","background-attachment":"scroll","background-type":"","background-media":"","overlay-type":"","overlay-color":"","overlay-opacity":"","overlay-gradient":""},"tablet":{"background-color":"var(--ast-global-color-5)","background-image":"","background-repeat":"repeat","background-position":"center center","background-size":"auto","background-attachment":"scroll","background-type":"","background-media":"","overlay-type":"","overlay-color":"","overlay-opacity":"","overlay-gradient":""},"mobile":{"background-color":"var(--ast-global-color-5)","background-image":"","background-repeat":"repeat","background-position":"center center","background-size":"auto","background-attachment":"scroll","background-type":"","background-media":"","overlay-type":"","overlay-color":"","overlay-opacity":"","overlay-gradient":""}}},"product_brand":[],"product_cat":[24],"product_tag":[],"class_list":{"0":"post-5932","1":"product","2":"type-product","3":"status-publish","4":"has-post-thumbnail","6":"product_cat-sucree","7":"desktop-align-left","8":"tablet-align-left","9":"mobile-align-left","11":"first","12":"instock","13":"taxable","14":"shipping-taxable","15":"purchasable","16":"product-type-simple"},"uagb_featured_image_src":{"full":["https:\/\/chezben.bossilo.com\/wp-content\/uploads\/2025\/11\/Speed.jpg",600,600,false],"thumbnail":["https:\/\/chezben.bossilo.com\/wp-content\/uploads\/2025\/11\/Speed-150x150.jpg",150,150,true],"medium":["https:\/\/chezben.bossilo.com\/wp-content\/uploads\/2025\/11\/Speed-300x300.jpg",300,300,true],"medium_large":["https:\/\/chezben.bossilo.com\/wp-content\/uploads\/2025\/11\/Speed.jpg",600,600,false],"large":["https:\/\/chezben.bossilo.com\/wp-content\/uploads\/2025\/11\/Speed.jpg",600,600,false],"1536x1536":["https:\/\/chezben.bossilo.com\/wp-content\/uploads\/2025\/11\/Speed.jpg",600,600,false],"2048x2048":["https:\/\/chezben.bossilo.com\/wp-content\/uploads\/2025\/11\/Speed.jpg",600,600,false],"woocommerce_thumbnail":["https:\/\/chezben.bossilo.com\/wp-content\/uploads\/2025\/11\/Speed-300x300.jpg",300,300,true],"woocommerce_single":["https:\/\/chezben.bossilo.com\/wp-content\/uploads\/2025\/11\/Speed.jpg",600,600,false],"woocommerce_gallery_thumbnail":["https:\/\/chezben.bossilo.com\/wp-content\/uploads\/2025\/11\/Speed-100x100.jpg",100,100,true]},"uagb_author_info":{"display_name":"BOSSILO Billy","author_link":"https:\/\/chezben.bossilo.com\/?author=0"},"uagb_comment_info":0,"uagb_excerpt":"\ud83c\udf3f Le concept La boisson Speed s\u2019inscrit dans la cat\u00e9gorie des energy drinks populaires en Europe et en Afrique. Elle est pens\u00e9e pour offrir un regain d\u2019\u00e9nergie rapide, que ce soit lors d\u2019activit\u00e9s sportives, de soir\u00e9es festives ou de moments de concentration intense. Certaines d\u00e9clinaisons comme Speed Zero Sucre proposent une alternative sans sucre, tout\u2026","jetpack_sharing_enabled":true,"_links":{"self":[{"href":"https:\/\/chezben.bossilo.com\/index.php?rest_route=\/wp\/v2\/product\/5932","targetHints":{"allow":["GET"]}}],"collection":[{"href":"https:\/\/chezben.bossilo.com\/index.php?rest_route=\/wp\/v2\/product"}],"about":[{"href":"https:\/\/chezben.bossilo.com\/index.php?rest_route=\/wp\/v2\/types\/product"}],"replies":[{"embeddable":true,"href":"https:\/\/chezben.bossilo.com\/index.php?rest_route=%2Fwp%2Fv2%2Fcomments&post=5932"}],"wp:featuredmedia":[{"embeddable":true,"href":"https:\/\/chezben.bossilo.com\/index.php?rest_route=\/wp\/v2\/media\/5933"}],"wp:attachment":[{"href":"https:\/\/chezben.bossilo.com\/index.php?rest_route=%2Fwp%2Fv2%2Fmedia&parent=5932"}],"wp:term":[{"taxonomy":"product_brand","embeddable":true,"href":"https:\/\/chezben.bossilo.com\/index.php?rest_route=%2Fwp%2Fv2%2Fproduct_brand&post=5932"},{"taxonomy":"product_cat","embeddable":true,"href":"https:\/\/chezben.bossilo.com\/index.php?rest_route=%2Fwp%2Fv2%2Fproduct_cat&post=5932"},{"taxonomy":"product_tag","embeddable":true,"href":"https:\/\/chezben.bossilo.com\/index.php?rest_route=%2Fwp%2Fv2%2Fproduct_tag&post=5932"}],"curies":[{"name":"wp","href":"https:\/\/api.w.org\/{rel}","templated":true}]}}