{"id":5916,"date":"2025-11-14T14:06:55","date_gmt":"2025-11-14T14:06:55","guid":{"rendered":"https:\/\/chezben.bossilo.com\/?post_type=product&#038;p=5916"},"modified":"2025-11-18T04:35:19","modified_gmt":"2025-11-18T04:35:19","slug":"vimto","status":"publish","type":"product","link":"https:\/\/chezben.bossilo.com\/?product=vimto","title":{"rendered":"VINTO"},"content":{"rendered":"<h3>\ud83c\udf3f Le concept<\/h3>\n<p>\u00c0 l\u2019origine appel\u00e9e <em>Vim Tonic<\/em>, Vimto a \u00e9t\u00e9 cr\u00e9\u00e9e comme alternative aux boissons alcoolis\u00e9es durant le mouvement de temp\u00e9rance en Angleterre. Elle s\u2019est impos\u00e9e comme une boisson unique gr\u00e2ce \u00e0 son m\u00e9lange d\u2019extraits naturels de fruits, d\u2019herbes et d\u2019\u00e9pices.<\/p>\n<div class=\"relative pb-6 w-full after:border-b after:border-stroke-300 after:w-full after:absolute after:mt-3\"><\/div>\n<h3>\ud83e\udd64 Les caract\u00e9ristiques<\/h3>\n<ul>\n<li><strong>Type<\/strong> : boisson gazeuse sucr\u00e9e, sans alcool.<\/li>\n<li><strong>Ingr\u00e9dients principaux<\/strong> : eau gaz\u00e9ifi\u00e9e, sucre, ar\u00f4mes naturels, extraits de fruits (framboise, cassis, hibiscus\/bissap), parfois herbes et \u00e9pices.<\/li>\n<li class=\"ps-2\"><strong>Saveur<\/strong> : fruit\u00e9e, l\u00e9g\u00e8rement acidul\u00e9e, avec une touche florale (hibiscus).<\/li>\n<li><strong>Formats<\/strong> : disponible en canettes (33 cl) ou bouteilles, souvent vendue en packs.<\/li>\n<li class=\"ps-2\"><strong>Fabricant<\/strong> : Nichols plc (Royaume-Uni), sous licence dans divers pays (ex. Boissons du Cameroun).<\/li>\n<\/ul>\n<div><\/div>\n<h3>\u2728 L\u2019exp\u00e9rience<\/h3>\n<p>Le <em>Vimto\/Vinto<\/em><\/p>\n","protected":false},"excerpt":{"rendered":"<p>\ud83c\udf3f Le concept \u00c0 l\u2019origine appel\u00e9e Vim Tonic, Vimto a \u00e9t\u00e9 cr\u00e9\u00e9e comme alternative aux boissons alcoolis\u00e9es durant le mouvement de temp\u00e9rance en Angleterre. Elle s\u2019est impos\u00e9e comme une boisson unique gr\u00e2ce \u00e0 son m\u00e9lange d\u2019extraits naturels de fruits, d\u2019herbes et d\u2019\u00e9pices. \ud83e\udd64 Les caract\u00e9ristiques Type : boisson gazeuse sucr\u00e9e, sans alcool. Ingr\u00e9dients principaux : [&hellip;]<\/p>\n","protected":false},"featured_media":5917,"comment_status":"open","ping_status":"closed","template":"","meta":{"_uag_custom_page_level_css":"","site-sidebar-layout":"default","site-content-layout":"","ast-site-content-layout":"default","site-content-style":"default","site-sidebar-style":"default","ast-global-header-display":"","ast-banner-title-visibility":"","ast-main-header-display":"","ast-hfb-above-header-display":"","ast-hfb-below-header-display":"","ast-hfb-mobile-header-display":"","site-post-title":"","ast-breadcrumbs-content":"","ast-featured-img":"","footer-sml-layout":"","theme-transparent-header-meta":"default","adv-header-id-meta":"","stick-header-meta":"","header-above-stick-meta":"","header-main-stick-meta":"","header-below-stick-meta":"","astra-migrate-meta-layouts":"set","ast-page-background-enabled":"default","ast-page-background-meta":{"desktop":{"background-color":"","background-image":"","background-repeat":"repeat","background-position":"center center","background-size":"auto","background-attachment":"scroll","background-type":"","background-media":"","overlay-type":"","overlay-color":"","overlay-opacity":"","overlay-gradient":""},"tablet":{"background-color":"","background-image":"","background-repeat":"repeat","background-position":"center center","background-size":"auto","background-attachment":"scroll","background-type":"","background-media":"","overlay-type":"","overlay-color":"","overlay-opacity":"","overlay-gradient":""},"mobile":{"background-color":"","background-image":"","background-repeat":"repeat","background-position":"center center","background-size":"auto","background-attachment":"scroll","background-type":"","background-media":"","overlay-type":"","overlay-color":"","overlay-opacity":"","overlay-gradient":""}},"ast-content-background-meta":{"desktop":{"background-color":"var(--ast-global-color-5)","background-image":"","background-repeat":"repeat","background-position":"center center","background-size":"auto","background-attachment":"scroll","background-type":"","background-media":"","overlay-type":"","overlay-color":"","overlay-opacity":"","overlay-gradient":""},"tablet":{"background-color":"var(--ast-global-color-5)","background-image":"","background-repeat":"repeat","background-position":"center center","background-size":"auto","background-attachment":"scroll","background-type":"","background-media":"","overlay-type":"","overlay-color":"","overlay-opacity":"","overlay-gradient":""},"mobile":{"background-color":"var(--ast-global-color-5)","background-image":"","background-repeat":"repeat","background-position":"center center","background-size":"auto","background-attachment":"scroll","background-type":"","background-media":"","overlay-type":"","overlay-color":"","overlay-opacity":"","overlay-gradient":""}}},"product_brand":[],"product_cat":[24],"product_tag":[],"class_list":{"0":"post-5916","1":"product","2":"type-product","3":"status-publish","4":"has-post-thumbnail","6":"product_cat-sucree","7":"desktop-align-left","8":"tablet-align-left","9":"mobile-align-left","11":"first","12":"instock","13":"taxable","14":"shipping-taxable","15":"purchasable","16":"product-type-simple"},"uagb_featured_image_src":{"full":["https:\/\/chezben.bossilo.com\/wp-content\/uploads\/2025\/11\/Vimto.jpg",600,600,false],"thumbnail":["https:\/\/chezben.bossilo.com\/wp-content\/uploads\/2025\/11\/Vimto-150x150.jpg",150,150,true],"medium":["https:\/\/chezben.bossilo.com\/wp-content\/uploads\/2025\/11\/Vimto-300x300.jpg",300,300,true],"medium_large":["https:\/\/chezben.bossilo.com\/wp-content\/uploads\/2025\/11\/Vimto.jpg",600,600,false],"large":["https:\/\/chezben.bossilo.com\/wp-content\/uploads\/2025\/11\/Vimto.jpg",600,600,false],"1536x1536":["https:\/\/chezben.bossilo.com\/wp-content\/uploads\/2025\/11\/Vimto.jpg",600,600,false],"2048x2048":["https:\/\/chezben.bossilo.com\/wp-content\/uploads\/2025\/11\/Vimto.jpg",600,600,false],"woocommerce_thumbnail":["https:\/\/chezben.bossilo.com\/wp-content\/uploads\/2025\/11\/Vimto-300x300.jpg",300,300,true],"woocommerce_single":["https:\/\/chezben.bossilo.com\/wp-content\/uploads\/2025\/11\/Vimto.jpg",600,600,false],"woocommerce_gallery_thumbnail":["https:\/\/chezben.bossilo.com\/wp-content\/uploads\/2025\/11\/Vimto-100x100.jpg",100,100,true]},"uagb_author_info":{"display_name":"BOSSILO Billy","author_link":"https:\/\/chezben.bossilo.com\/?author=0"},"uagb_comment_info":0,"uagb_excerpt":"\ud83c\udf3f Le concept \u00c0 l\u2019origine appel\u00e9e Vim Tonic, Vimto a \u00e9t\u00e9 cr\u00e9\u00e9e comme alternative aux boissons alcoolis\u00e9es durant le mouvement de temp\u00e9rance en Angleterre. Elle s\u2019est impos\u00e9e comme une boisson unique gr\u00e2ce \u00e0 son m\u00e9lange d\u2019extraits naturels de fruits, d\u2019herbes et d\u2019\u00e9pices. \ud83e\udd64 Les caract\u00e9ristiques Type : boisson gazeuse sucr\u00e9e, sans alcool. Ingr\u00e9dients principaux :\u2026","jetpack_sharing_enabled":true,"_links":{"self":[{"href":"https:\/\/chezben.bossilo.com\/index.php?rest_route=\/wp\/v2\/product\/5916","targetHints":{"allow":["GET"]}}],"collection":[{"href":"https:\/\/chezben.bossilo.com\/index.php?rest_route=\/wp\/v2\/product"}],"about":[{"href":"https:\/\/chezben.bossilo.com\/index.php?rest_route=\/wp\/v2\/types\/product"}],"replies":[{"embeddable":true,"href":"https:\/\/chezben.bossilo.com\/index.php?rest_route=%2Fwp%2Fv2%2Fcomments&post=5916"}],"wp:featuredmedia":[{"embeddable":true,"href":"https:\/\/chezben.bossilo.com\/index.php?rest_route=\/wp\/v2\/media\/5917"}],"wp:attachment":[{"href":"https:\/\/chezben.bossilo.com\/index.php?rest_route=%2Fwp%2Fv2%2Fmedia&parent=5916"}],"wp:term":[{"taxonomy":"product_brand","embeddable":true,"href":"https:\/\/chezben.bossilo.com\/index.php?rest_route=%2Fwp%2Fv2%2Fproduct_brand&post=5916"},{"taxonomy":"product_cat","embeddable":true,"href":"https:\/\/chezben.bossilo.com\/index.php?rest_route=%2Fwp%2Fv2%2Fproduct_cat&post=5916"},{"taxonomy":"product_tag","embeddable":true,"href":"https:\/\/chezben.bossilo.com\/index.php?rest_route=%2Fwp%2Fv2%2Fproduct_tag&post=5916"}],"curies":[{"name":"wp","href":"https:\/\/api.w.org\/{rel}","templated":true}]}}