{"id":5894,"date":"2025-11-14T12:10:48","date_gmt":"2025-11-14T12:10:48","guid":{"rendered":"https:\/\/chezben.bossilo.com\/?post_type=product&#038;p=5894"},"modified":"2026-02-23T19:41:54","modified_gmt":"2026-02-23T19:41:54","slug":"tonic","status":"publish","type":"product","link":"https:\/\/chezben.bossilo.com\/?product=tonic","title":{"rendered":"TONIC"},"content":{"rendered":"<h3>\ud83c\udf3f Le concept<\/h3>\n<p>Le <em>Tonic<\/em> est une boisson gazeuse am\u00e8re et rafra\u00eechissante, souvent utilis\u00e9e comme base pour des cocktails ou consomm\u00e9e seule pour son go\u00fbt unique. Sa particularit\u00e9 vient de la pr\u00e9sence de quinine, qui lui conf\u00e8re son amertume caract\u00e9ristique.<\/p>\n<div><\/div>\n<h3>\ud83e\udd64 Les caract\u00e9ristiques<\/h3>\n<ul>\n<li><strong>Type<\/strong> : boisson gazeuse, l\u00e9g\u00e8rement am\u00e8re.<\/li>\n<li><strong>Ingr\u00e9dients principaux<\/strong> : eau gaz\u00e9ifi\u00e9e, sucre, ar\u00f4mes naturels, quinine.<\/li>\n<li><strong>Saveur<\/strong> : fra\u00eeche, p\u00e9tillante, avec une note am\u00e8re distinctive.<\/li>\n<li><strong>Formats<\/strong> : disponible en canettes ou bouteilles, petites ou grandes.<\/li>\n<li><strong>Usage<\/strong> : consomm\u00e9 seul ou en m\u00e9lange (ex. gin tonic, vodka tonic).<\/li>\n<\/ul>\n<div><\/div>\n<h3>\u2728 L\u2019exp\u00e9rience<\/h3>\n<p>Le <em>Tonic<\/em><\/p>\n","protected":false},"excerpt":{"rendered":"<p>\ud83c\udf3f Le concept Le Tonic est une boisson gazeuse am\u00e8re et rafra\u00eechissante, souvent utilis\u00e9e comme base pour des cocktails ou consomm\u00e9e seule pour son go\u00fbt unique. Sa particularit\u00e9 vient de la pr\u00e9sence de quinine, qui lui conf\u00e8re son amertume caract\u00e9ristique. \ud83e\udd64 Les caract\u00e9ristiques Type : boisson gazeuse, l\u00e9g\u00e8rement am\u00e8re. Ingr\u00e9dients principaux : eau gaz\u00e9ifi\u00e9e, sucre, [&hellip;]<\/p>\n","protected":false},"featured_media":5895,"comment_status":"open","ping_status":"closed","template":"","meta":{"_uag_custom_page_level_css":"","site-sidebar-layout":"default","site-content-layout":"","ast-site-content-layout":"default","site-content-style":"default","site-sidebar-style":"default","ast-global-header-display":"","ast-banner-title-visibility":"","ast-main-header-display":"","ast-hfb-above-header-display":"","ast-hfb-below-header-display":"","ast-hfb-mobile-header-display":"","site-post-title":"","ast-breadcrumbs-content":"","ast-featured-img":"","footer-sml-layout":"","theme-transparent-header-meta":"default","adv-header-id-meta":"","stick-header-meta":"","header-above-stick-meta":"","header-main-stick-meta":"","header-below-stick-meta":"","astra-migrate-meta-layouts":"set","ast-page-background-enabled":"default","ast-page-background-meta":{"desktop":{"background-color":"","background-image":"","background-repeat":"repeat","background-position":"center center","background-size":"auto","background-attachment":"scroll","background-type":"","background-media":"","overlay-type":"","overlay-color":"","overlay-opacity":"","overlay-gradient":""},"tablet":{"background-color":"","background-image":"","background-repeat":"repeat","background-position":"center center","background-size":"auto","background-attachment":"scroll","background-type":"","background-media":"","overlay-type":"","overlay-color":"","overlay-opacity":"","overlay-gradient":""},"mobile":{"background-color":"","background-image":"","background-repeat":"repeat","background-position":"center center","background-size":"auto","background-attachment":"scroll","background-type":"","background-media":"","overlay-type":"","overlay-color":"","overlay-opacity":"","overlay-gradient":""}},"ast-content-background-meta":{"desktop":{"background-color":"var(--ast-global-color-5)","background-image":"","background-repeat":"repeat","background-position":"center center","background-size":"auto","background-attachment":"scroll","background-type":"","background-media":"","overlay-type":"","overlay-color":"","overlay-opacity":"","overlay-gradient":""},"tablet":{"background-color":"var(--ast-global-color-5)","background-image":"","background-repeat":"repeat","background-position":"center center","background-size":"auto","background-attachment":"scroll","background-type":"","background-media":"","overlay-type":"","overlay-color":"","overlay-opacity":"","overlay-gradient":""},"mobile":{"background-color":"var(--ast-global-color-5)","background-image":"","background-repeat":"repeat","background-position":"center center","background-size":"auto","background-attachment":"scroll","background-type":"","background-media":"","overlay-type":"","overlay-color":"","overlay-opacity":"","overlay-gradient":""}}},"product_brand":[],"product_cat":[24],"product_tag":[],"class_list":{"0":"post-5894","1":"product","2":"type-product","3":"status-publish","4":"has-post-thumbnail","6":"product_cat-sucree","7":"desktop-align-left","8":"tablet-align-left","9":"mobile-align-left","11":"first","12":"onbackorder","13":"taxable","14":"shipping-taxable","15":"purchasable","16":"product-type-simple"},"uagb_featured_image_src":{"full":["https:\/\/chezben.bossilo.com\/wp-content\/uploads\/2025\/11\/Tonic.jpg",600,600,false],"thumbnail":["https:\/\/chezben.bossilo.com\/wp-content\/uploads\/2025\/11\/Tonic-150x150.jpg",150,150,true],"medium":["https:\/\/chezben.bossilo.com\/wp-content\/uploads\/2025\/11\/Tonic-300x300.jpg",300,300,true],"medium_large":["https:\/\/chezben.bossilo.com\/wp-content\/uploads\/2025\/11\/Tonic.jpg",600,600,false],"large":["https:\/\/chezben.bossilo.com\/wp-content\/uploads\/2025\/11\/Tonic.jpg",600,600,false],"1536x1536":["https:\/\/chezben.bossilo.com\/wp-content\/uploads\/2025\/11\/Tonic.jpg",600,600,false],"2048x2048":["https:\/\/chezben.bossilo.com\/wp-content\/uploads\/2025\/11\/Tonic.jpg",600,600,false],"woocommerce_thumbnail":["https:\/\/chezben.bossilo.com\/wp-content\/uploads\/2025\/11\/Tonic-300x300.jpg",300,300,true],"woocommerce_single":["https:\/\/chezben.bossilo.com\/wp-content\/uploads\/2025\/11\/Tonic.jpg",600,600,false],"woocommerce_gallery_thumbnail":["https:\/\/chezben.bossilo.com\/wp-content\/uploads\/2025\/11\/Tonic-100x100.jpg",100,100,true]},"uagb_author_info":{"display_name":"BOSSILO Billy","author_link":"https:\/\/chezben.bossilo.com\/?author=0"},"uagb_comment_info":0,"uagb_excerpt":"\ud83c\udf3f Le concept Le Tonic est une boisson gazeuse am\u00e8re et rafra\u00eechissante, souvent utilis\u00e9e comme base pour des cocktails ou consomm\u00e9e seule pour son go\u00fbt unique. Sa particularit\u00e9 vient de la pr\u00e9sence de quinine, qui lui conf\u00e8re son amertume caract\u00e9ristique. \ud83e\udd64 Les caract\u00e9ristiques Type : boisson gazeuse, l\u00e9g\u00e8rement am\u00e8re. Ingr\u00e9dients principaux : eau gaz\u00e9ifi\u00e9e, sucre,\u2026","jetpack_sharing_enabled":true,"_links":{"self":[{"href":"https:\/\/chezben.bossilo.com\/index.php?rest_route=\/wp\/v2\/product\/5894","targetHints":{"allow":["GET"]}}],"collection":[{"href":"https:\/\/chezben.bossilo.com\/index.php?rest_route=\/wp\/v2\/product"}],"about":[{"href":"https:\/\/chezben.bossilo.com\/index.php?rest_route=\/wp\/v2\/types\/product"}],"replies":[{"embeddable":true,"href":"https:\/\/chezben.bossilo.com\/index.php?rest_route=%2Fwp%2Fv2%2Fcomments&post=5894"}],"wp:featuredmedia":[{"embeddable":true,"href":"https:\/\/chezben.bossilo.com\/index.php?rest_route=\/wp\/v2\/media\/5895"}],"wp:attachment":[{"href":"https:\/\/chezben.bossilo.com\/index.php?rest_route=%2Fwp%2Fv2%2Fmedia&parent=5894"}],"wp:term":[{"taxonomy":"product_brand","embeddable":true,"href":"https:\/\/chezben.bossilo.com\/index.php?rest_route=%2Fwp%2Fv2%2Fproduct_brand&post=5894"},{"taxonomy":"product_cat","embeddable":true,"href":"https:\/\/chezben.bossilo.com\/index.php?rest_route=%2Fwp%2Fv2%2Fproduct_cat&post=5894"},{"taxonomy":"product_tag","embeddable":true,"href":"https:\/\/chezben.bossilo.com\/index.php?rest_route=%2Fwp%2Fv2%2Fproduct_tag&post=5894"}],"curies":[{"name":"wp","href":"https:\/\/api.w.org\/{rel}","templated":true}]}}