{"id":5867,"date":"2025-11-14T10:36:13","date_gmt":"2025-11-14T10:36:13","guid":{"rendered":"https:\/\/chezben.bossilo.com\/?post_type=product&#038;p=5867"},"modified":"2025-11-17T13:53:51","modified_gmt":"2025-11-17T13:53:51","slug":"eau-gazeuse","status":"publish","type":"product","link":"https:\/\/chezben.bossilo.com\/?product=eau-gazeuse","title":{"rendered":"EAU GAZEUSE"},"content":{"rendered":"<div>\n<h3>\ud83c\udf3f Le concept<\/h3>\n<p>L\u2019eau gazeuse est une boisson rafra\u00eechissante, caract\u00e9ris\u00e9e par la pr\u00e9sence de bulles de gaz carbonique qui lui donnent son effervescence.<\/p>\n<div><\/div>\n<h3>\ud83d\udca6 La pr\u00e9paration<\/h3>\n<ul>\n<li><strong>Base<\/strong> : eau min\u00e9rale ou de source.<\/li>\n<li><strong>Gaz\u00e9ification<\/strong> : ajout de dioxyde de carbone pour cr\u00e9er les fines bulles p\u00e9tillantes.<\/li>\n<li><strong>Variantes<\/strong> : nature, l\u00e9g\u00e8rement sal\u00e9e ou aromatis\u00e9e selon les pr\u00e9f\u00e9rences.<\/li>\n<\/ul>\n<div><\/div>\n<h3>\u2728 L\u2019exp\u00e9rience<\/h3>\n<p>L\u2019eau gazeuse \u00e9voque la <strong>fra\u00eecheur et la vivacit\u00e9<\/strong> : ses bulles p\u00e9tillantes stimulent le palais et apportent une sensation d\u00e9salt\u00e9rante. Elle accompagne parfaitement les repas ou se d\u00e9guste seule pour un moment l\u00e9ger et tonique.<\/p>\n<\/div>\n<div>\n<div>\n<table>\n<thead>\n<tr>\n<th><\/th>\n<th><\/th>\n<\/tr>\n<\/thead>\n<tbody>\n<tr>\n<td><\/td>\n<td><\/td>\n<\/tr>\n<tr>\n<td><\/td>\n<td><\/td>\n<\/tr>\n<tr>\n<td><\/td>\n<td><\/td>\n<\/tr>\n<\/tbody>\n<\/table>\n<\/div>\n<div><\/div>\n<\/div>\n<div><\/div>\n","protected":false},"excerpt":{"rendered":"<p>\ud83c\udf3f Le concept L\u2019eau gazeuse est une boisson rafra\u00eechissante, caract\u00e9ris\u00e9e par la pr\u00e9sence de bulles de gaz carbonique qui lui donnent son effervescence. \ud83d\udca6 La pr\u00e9paration Base : eau min\u00e9rale ou de source. Gaz\u00e9ification : ajout de dioxyde de carbone pour cr\u00e9er les fines bulles p\u00e9tillantes. Variantes : nature, l\u00e9g\u00e8rement sal\u00e9e ou aromatis\u00e9e selon les [&hellip;]<\/p>\n","protected":false},"featured_media":5868,"comment_status":"open","ping_status":"closed","template":"","meta":{"_uag_custom_page_level_css":"","site-sidebar-layout":"default","site-content-layout":"","ast-site-content-layout":"default","site-content-style":"default","site-sidebar-style":"default","ast-global-header-display":"","ast-banner-title-visibility":"","ast-main-header-display":"","ast-hfb-above-header-display":"","ast-hfb-below-header-display":"","ast-hfb-mobile-header-display":"","site-post-title":"","ast-breadcrumbs-content":"","ast-featured-img":"","footer-sml-layout":"","theme-transparent-header-meta":"default","adv-header-id-meta":"","stick-header-meta":"","header-above-stick-meta":"","header-main-stick-meta":"","header-below-stick-meta":"","astra-migrate-meta-layouts":"set","ast-page-background-enabled":"default","ast-page-background-meta":{"desktop":{"background-color":"","background-image":"","background-repeat":"repeat","background-position":"center center","background-size":"auto","background-attachment":"scroll","background-type":"","background-media":"","overlay-type":"","overlay-color":"","overlay-opacity":"","overlay-gradient":""},"tablet":{"background-color":"","background-image":"","background-repeat":"repeat","background-position":"center center","background-size":"auto","background-attachment":"scroll","background-type":"","background-media":"","overlay-type":"","overlay-color":"","overlay-opacity":"","overlay-gradient":""},"mobile":{"background-color":"","background-image":"","background-repeat":"repeat","background-position":"center center","background-size":"auto","background-attachment":"scroll","background-type":"","background-media":"","overlay-type":"","overlay-color":"","overlay-opacity":"","overlay-gradient":""}},"ast-content-background-meta":{"desktop":{"background-color":"var(--ast-global-color-5)","background-image":"","background-repeat":"repeat","background-position":"center center","background-size":"auto","background-attachment":"scroll","background-type":"","background-media":"","overlay-type":"","overlay-color":"","overlay-opacity":"","overlay-gradient":""},"tablet":{"background-color":"var(--ast-global-color-5)","background-image":"","background-repeat":"repeat","background-position":"center center","background-size":"auto","background-attachment":"scroll","background-type":"","background-media":"","overlay-type":"","overlay-color":"","overlay-opacity":"","overlay-gradient":""},"mobile":{"background-color":"var(--ast-global-color-5)","background-image":"","background-repeat":"repeat","background-position":"center center","background-size":"auto","background-attachment":"scroll","background-type":"","background-media":"","overlay-type":"","overlay-color":"","overlay-opacity":"","overlay-gradient":""}}},"product_brand":[],"product_cat":[23],"product_tag":[],"class_list":{"0":"post-5867","1":"product","2":"type-product","3":"status-publish","4":"has-post-thumbnail","6":"product_cat-sucres","7":"desktop-align-left","8":"tablet-align-left","9":"mobile-align-left","11":"first","12":"instock","13":"taxable","14":"shipping-taxable","15":"purchasable","16":"product-type-simple"},"uagb_featured_image_src":{"full":["https:\/\/chezben.bossilo.com\/wp-content\/uploads\/2025\/11\/Eau-gazeuse.jpg",600,600,false],"thumbnail":["https:\/\/chezben.bossilo.com\/wp-content\/uploads\/2025\/11\/Eau-gazeuse-150x150.jpg",150,150,true],"medium":["https:\/\/chezben.bossilo.com\/wp-content\/uploads\/2025\/11\/Eau-gazeuse-300x300.jpg",300,300,true],"medium_large":["https:\/\/chezben.bossilo.com\/wp-content\/uploads\/2025\/11\/Eau-gazeuse.jpg",600,600,false],"large":["https:\/\/chezben.bossilo.com\/wp-content\/uploads\/2025\/11\/Eau-gazeuse.jpg",600,600,false],"1536x1536":["https:\/\/chezben.bossilo.com\/wp-content\/uploads\/2025\/11\/Eau-gazeuse.jpg",600,600,false],"2048x2048":["https:\/\/chezben.bossilo.com\/wp-content\/uploads\/2025\/11\/Eau-gazeuse.jpg",600,600,false],"woocommerce_thumbnail":["https:\/\/chezben.bossilo.com\/wp-content\/uploads\/2025\/11\/Eau-gazeuse-300x300.jpg",300,300,true],"woocommerce_single":["https:\/\/chezben.bossilo.com\/wp-content\/uploads\/2025\/11\/Eau-gazeuse.jpg",600,600,false],"woocommerce_gallery_thumbnail":["https:\/\/chezben.bossilo.com\/wp-content\/uploads\/2025\/11\/Eau-gazeuse-100x100.jpg",100,100,true]},"uagb_author_info":{"display_name":"BOSSILO Billy","author_link":"https:\/\/chezben.bossilo.com\/?author=0"},"uagb_comment_info":0,"uagb_excerpt":"\ud83c\udf3f Le concept L\u2019eau gazeuse est une boisson rafra\u00eechissante, caract\u00e9ris\u00e9e par la pr\u00e9sence de bulles de gaz carbonique qui lui donnent son effervescence. \ud83d\udca6 La pr\u00e9paration Base : eau min\u00e9rale ou de source. Gaz\u00e9ification : ajout de dioxyde de carbone pour cr\u00e9er les fines bulles p\u00e9tillantes. Variantes : nature, l\u00e9g\u00e8rement sal\u00e9e ou aromatis\u00e9e selon les\u2026","jetpack_sharing_enabled":true,"_links":{"self":[{"href":"https:\/\/chezben.bossilo.com\/index.php?rest_route=\/wp\/v2\/product\/5867","targetHints":{"allow":["GET"]}}],"collection":[{"href":"https:\/\/chezben.bossilo.com\/index.php?rest_route=\/wp\/v2\/product"}],"about":[{"href":"https:\/\/chezben.bossilo.com\/index.php?rest_route=\/wp\/v2\/types\/product"}],"replies":[{"embeddable":true,"href":"https:\/\/chezben.bossilo.com\/index.php?rest_route=%2Fwp%2Fv2%2Fcomments&post=5867"}],"wp:featuredmedia":[{"embeddable":true,"href":"https:\/\/chezben.bossilo.com\/index.php?rest_route=\/wp\/v2\/media\/5868"}],"wp:attachment":[{"href":"https:\/\/chezben.bossilo.com\/index.php?rest_route=%2Fwp%2Fv2%2Fmedia&parent=5867"}],"wp:term":[{"taxonomy":"product_brand","embeddable":true,"href":"https:\/\/chezben.bossilo.com\/index.php?rest_route=%2Fwp%2Fv2%2Fproduct_brand&post=5867"},{"taxonomy":"product_cat","embeddable":true,"href":"https:\/\/chezben.bossilo.com\/index.php?rest_route=%2Fwp%2Fv2%2Fproduct_cat&post=5867"},{"taxonomy":"product_tag","embeddable":true,"href":"https:\/\/chezben.bossilo.com\/index.php?rest_route=%2Fwp%2Fv2%2Fproduct_tag&post=5867"}],"curies":[{"name":"wp","href":"https:\/\/api.w.org\/{rel}","templated":true}]}}