{"id":5859,"date":"2025-11-14T10:19:46","date_gmt":"2025-11-14T10:19:46","guid":{"rendered":"https:\/\/chezben.bossilo.com\/?post_type=product&#038;p=5859"},"modified":"2025-11-15T12:03:29","modified_gmt":"2025-11-15T12:03:29","slug":"ass-frite-simple","status":"publish","type":"product","link":"https:\/\/chezben.bossilo.com\/?product=ass-frite-simple","title":{"rendered":"ASS. FRITE SIMPLE"},"content":{"rendered":"<div>\n<h3>\ud83c\udf3f Le plat<\/h3>\n<p>Des frites dor\u00e9es et croustillantes, servies en portion g\u00e9n\u00e9reuse, id\u00e9ales pour accompagner un plat principal ou \u00eatre d\u00e9gust\u00e9es seules.<\/p>\n<div><\/div>\n<h3>\ud83d\udd25 La pr\u00e9paration<\/h3>\n<ul>\n<li><strong>Pommes de terre<\/strong> : fra\u00eeches, coup\u00e9es en b\u00e2tonnets r\u00e9guliers.<\/li>\n<li><strong>Cuisson<\/strong> : plong\u00e9es dans l\u2019huile chaude jusqu\u2019\u00e0 obtenir une texture croustillante \u00e0 l\u2019ext\u00e9rieur et fondante \u00e0 l\u2019int\u00e9rieur.<\/li>\n<li><strong>Assaisonnement<\/strong> : l\u00e9g\u00e8rement sal\u00e9es pour relever leur go\u00fbt naturel.<\/li>\n<\/ul>\n<div><\/div>\n<h3>\u2728 L\u2019exp\u00e9rience<\/h3>\n<p>Les frites simples \u00e9voquent la <strong>convivialit\u00e9 et le plaisir gourmand<\/strong> : un classique universel, appr\u00e9ci\u00e9 par tous, qui apporte chaleur et croustillant \u00e0 chaque repas.<\/p>\n<div><\/div>\n<\/div>\n<div>\n<div>\n<table>\n<thead>\n<tr>\n<th><\/th>\n<th><\/th>\n<\/tr>\n<\/thead>\n<tbody>\n<tr>\n<td><\/td>\n<td><\/td>\n<\/tr>\n<tr>\n<td><\/td>\n<td><\/td>\n<\/tr>\n<tr>\n<td><\/td>\n<td><\/td>\n<\/tr>\n<\/tbody>\n<\/table>\n<\/div>\n<div><\/div>\n<\/div>\n<div><\/div>\n","protected":false},"excerpt":{"rendered":"<p>\ud83c\udf3f Le plat Des frites dor\u00e9es et croustillantes, servies en portion g\u00e9n\u00e9reuse, id\u00e9ales pour accompagner un plat principal ou \u00eatre d\u00e9gust\u00e9es seules. \ud83d\udd25 La pr\u00e9paration Pommes de terre : fra\u00eeches, coup\u00e9es en b\u00e2tonnets r\u00e9guliers. Cuisson : plong\u00e9es dans l\u2019huile chaude jusqu\u2019\u00e0 obtenir une texture croustillante \u00e0 l\u2019ext\u00e9rieur et fondante \u00e0 l\u2019int\u00e9rieur. Assaisonnement : l\u00e9g\u00e8rement sal\u00e9es [&hellip;]<\/p>\n","protected":false},"featured_media":5860,"comment_status":"open","ping_status":"closed","template":"","meta":{"_uag_custom_page_level_css":"","site-sidebar-layout":"default","site-content-layout":"","ast-site-content-layout":"default","site-content-style":"default","site-sidebar-style":"default","ast-global-header-display":"","ast-banner-title-visibility":"","ast-main-header-display":"","ast-hfb-above-header-display":"","ast-hfb-below-header-display":"","ast-hfb-mobile-header-display":"","site-post-title":"","ast-breadcrumbs-content":"","ast-featured-img":"","footer-sml-layout":"","theme-transparent-header-meta":"default","adv-header-id-meta":"","stick-header-meta":"","header-above-stick-meta":"","header-main-stick-meta":"","header-below-stick-meta":"","astra-migrate-meta-layouts":"set","ast-page-background-enabled":"default","ast-page-background-meta":{"desktop":{"background-color":"","background-image":"","background-repeat":"repeat","background-position":"center center","background-size":"auto","background-attachment":"scroll","background-type":"","background-media":"","overlay-type":"","overlay-color":"","overlay-opacity":"","overlay-gradient":""},"tablet":{"background-color":"","background-image":"","background-repeat":"repeat","background-position":"center center","background-size":"auto","background-attachment":"scroll","background-type":"","background-media":"","overlay-type":"","overlay-color":"","overlay-opacity":"","overlay-gradient":""},"mobile":{"background-color":"","background-image":"","background-repeat":"repeat","background-position":"center center","background-size":"auto","background-attachment":"scroll","background-type":"","background-media":"","overlay-type":"","overlay-color":"","overlay-opacity":"","overlay-gradient":""}},"ast-content-background-meta":{"desktop":{"background-color":"var(--ast-global-color-5)","background-image":"","background-repeat":"repeat","background-position":"center center","background-size":"auto","background-attachment":"scroll","background-type":"","background-media":"","overlay-type":"","overlay-color":"","overlay-opacity":"","overlay-gradient":""},"tablet":{"background-color":"var(--ast-global-color-5)","background-image":"","background-repeat":"repeat","background-position":"center center","background-size":"auto","background-attachment":"scroll","background-type":"","background-media":"","overlay-type":"","overlay-color":"","overlay-opacity":"","overlay-gradient":""},"mobile":{"background-color":"var(--ast-global-color-5)","background-image":"","background-repeat":"repeat","background-position":"center center","background-size":"auto","background-attachment":"scroll","background-type":"","background-media":"","overlay-type":"","overlay-color":"","overlay-opacity":"","overlay-gradient":""}}},"product_brand":[],"product_cat":[84],"product_tag":[],"class_list":{"0":"post-5859","1":"product","2":"type-product","3":"status-publish","4":"has-post-thumbnail","6":"product_cat-dejeuner","7":"desktop-align-left","8":"tablet-align-left","9":"mobile-align-left","11":"first","12":"instock","13":"taxable","14":"shipping-taxable","15":"purchasable","16":"product-type-simple"},"uagb_featured_image_src":{"full":["https:\/\/chezben.bossilo.com\/wp-content\/uploads\/2025\/11\/ASS.-FRITE-SIMPLE.jpg",600,600,false],"thumbnail":["https:\/\/chezben.bossilo.com\/wp-content\/uploads\/2025\/11\/ASS.-FRITE-SIMPLE-150x150.jpg",150,150,true],"medium":["https:\/\/chezben.bossilo.com\/wp-content\/uploads\/2025\/11\/ASS.-FRITE-SIMPLE-300x300.jpg",300,300,true],"medium_large":["https:\/\/chezben.bossilo.com\/wp-content\/uploads\/2025\/11\/ASS.-FRITE-SIMPLE.jpg",600,600,false],"large":["https:\/\/chezben.bossilo.com\/wp-content\/uploads\/2025\/11\/ASS.-FRITE-SIMPLE.jpg",600,600,false],"1536x1536":["https:\/\/chezben.bossilo.com\/wp-content\/uploads\/2025\/11\/ASS.-FRITE-SIMPLE.jpg",600,600,false],"2048x2048":["https:\/\/chezben.bossilo.com\/wp-content\/uploads\/2025\/11\/ASS.-FRITE-SIMPLE.jpg",600,600,false],"woocommerce_thumbnail":["https:\/\/chezben.bossilo.com\/wp-content\/uploads\/2025\/11\/ASS.-FRITE-SIMPLE-300x300.jpg",300,300,true],"woocommerce_single":["https:\/\/chezben.bossilo.com\/wp-content\/uploads\/2025\/11\/ASS.-FRITE-SIMPLE.jpg",600,600,false],"woocommerce_gallery_thumbnail":["https:\/\/chezben.bossilo.com\/wp-content\/uploads\/2025\/11\/ASS.-FRITE-SIMPLE-100x100.jpg",100,100,true]},"uagb_author_info":{"display_name":"BOSSILO Billy","author_link":"https:\/\/chezben.bossilo.com\/?author=0"},"uagb_comment_info":0,"uagb_excerpt":"\ud83c\udf3f Le plat Des frites dor\u00e9es et croustillantes, servies en portion g\u00e9n\u00e9reuse, id\u00e9ales pour accompagner un plat principal ou \u00eatre d\u00e9gust\u00e9es seules. \ud83d\udd25 La pr\u00e9paration Pommes de terre : fra\u00eeches, coup\u00e9es en b\u00e2tonnets r\u00e9guliers. Cuisson : plong\u00e9es dans l\u2019huile chaude jusqu\u2019\u00e0 obtenir une texture croustillante \u00e0 l\u2019ext\u00e9rieur et fondante \u00e0 l\u2019int\u00e9rieur. Assaisonnement : l\u00e9g\u00e8rement sal\u00e9es\u2026","jetpack_sharing_enabled":true,"_links":{"self":[{"href":"https:\/\/chezben.bossilo.com\/index.php?rest_route=\/wp\/v2\/product\/5859","targetHints":{"allow":["GET"]}}],"collection":[{"href":"https:\/\/chezben.bossilo.com\/index.php?rest_route=\/wp\/v2\/product"}],"about":[{"href":"https:\/\/chezben.bossilo.com\/index.php?rest_route=\/wp\/v2\/types\/product"}],"replies":[{"embeddable":true,"href":"https:\/\/chezben.bossilo.com\/index.php?rest_route=%2Fwp%2Fv2%2Fcomments&post=5859"}],"wp:featuredmedia":[{"embeddable":true,"href":"https:\/\/chezben.bossilo.com\/index.php?rest_route=\/wp\/v2\/media\/5860"}],"wp:attachment":[{"href":"https:\/\/chezben.bossilo.com\/index.php?rest_route=%2Fwp%2Fv2%2Fmedia&parent=5859"}],"wp:term":[{"taxonomy":"product_brand","embeddable":true,"href":"https:\/\/chezben.bossilo.com\/index.php?rest_route=%2Fwp%2Fv2%2Fproduct_brand&post=5859"},{"taxonomy":"product_cat","embeddable":true,"href":"https:\/\/chezben.bossilo.com\/index.php?rest_route=%2Fwp%2Fv2%2Fproduct_cat&post=5859"},{"taxonomy":"product_tag","embeddable":true,"href":"https:\/\/chezben.bossilo.com\/index.php?rest_route=%2Fwp%2Fv2%2Fproduct_tag&post=5859"}],"curies":[{"name":"wp","href":"https:\/\/api.w.org\/{rel}","templated":true}]}}