{"id":5857,"date":"2025-11-14T10:17:14","date_gmt":"2025-11-14T10:17:14","guid":{"rendered":"https:\/\/chezben.bossilo.com\/?post_type=product&#038;p=5857"},"modified":"2025-12-24T13:18:44","modified_gmt":"2025-12-24T13:18:44","slug":"ass-salade-simple","status":"publish","type":"product","link":"https:\/\/chezben.bossilo.com\/?product=ass-salade-simple","title":{"rendered":"ASS. SALADE SIMPLE"},"content":{"rendered":"<div>\n<h3>\ud83c\udf3f Le plat<\/h3>\n<p>Une salade fra\u00eeche et l\u00e9g\u00e8re, compos\u00e9e d\u2019ingr\u00e9dients simples et naturels, id\u00e9ale pour accompagner un repas ou \u00eatre d\u00e9gust\u00e9e seule.<\/p>\n<div><\/div>\n<h3>\ud83e\udd6c La pr\u00e9paration<\/h3>\n<ul>\n<li><strong>Base<\/strong> : laitue ou jeunes pousses croquantes.<\/li>\n<li><strong>Compl\u00e9ments<\/strong> : tomates juteuses, concombres croquants, oignons fins ou carottes r\u00e2p\u00e9es.<\/li>\n<li><strong>Assaisonnement<\/strong> : un filet d\u2019huile d\u2019olive, un trait de vinaigre ou de citron, sel et poivre.<\/li>\n<\/ul>\n<div><\/div>\n<h3>\u2728 L\u2019exp\u00e9rience<\/h3>\n<p>Cette salade simple \u00e9voque la <strong>fra\u00eecheur et la l\u00e9g\u00e8ret\u00e9<\/strong> : un m\u00e9lange color\u00e9, \u00e9quilibr\u00e9 et rafra\u00eechissant, parfait pour un repas sain et rapide.<\/p>\n<\/div>\n<div>\n<div>\n<table>\n<thead>\n<tr>\n<th><\/th>\n<th><\/th>\n<\/tr>\n<\/thead>\n<tbody>\n<tr>\n<td><\/td>\n<td><\/td>\n<\/tr>\n<tr>\n<td><\/td>\n<td><\/td>\n<\/tr>\n<tr>\n<td><\/td>\n<td><\/td>\n<\/tr>\n<\/tbody>\n<\/table>\n<\/div>\n<div><\/div>\n<\/div>\n<div><\/div>\n","protected":false},"excerpt":{"rendered":"<p>\ud83c\udf3f Le plat Une salade fra\u00eeche et l\u00e9g\u00e8re, compos\u00e9e d\u2019ingr\u00e9dients simples et naturels, id\u00e9ale pour accompagner un repas ou \u00eatre d\u00e9gust\u00e9e seule. \ud83e\udd6c La pr\u00e9paration Base : laitue ou jeunes pousses croquantes. Compl\u00e9ments : tomates juteuses, concombres croquants, oignons fins ou carottes r\u00e2p\u00e9es. Assaisonnement : un filet d\u2019huile d\u2019olive, un trait de vinaigre ou de [&hellip;]<\/p>\n","protected":false},"featured_media":5858,"comment_status":"open","ping_status":"closed","template":"","meta":{"_uag_custom_page_level_css":"","site-sidebar-layout":"default","site-content-layout":"","ast-site-content-layout":"default","site-content-style":"default","site-sidebar-style":"default","ast-global-header-display":"","ast-banner-title-visibility":"","ast-main-header-display":"","ast-hfb-above-header-display":"","ast-hfb-below-header-display":"","ast-hfb-mobile-header-display":"","site-post-title":"","ast-breadcrumbs-content":"","ast-featured-img":"","footer-sml-layout":"","theme-transparent-header-meta":"default","adv-header-id-meta":"","stick-header-meta":"","header-above-stick-meta":"","header-main-stick-meta":"","header-below-stick-meta":"","astra-migrate-meta-layouts":"set","ast-page-background-enabled":"default","ast-page-background-meta":{"desktop":{"background-color":"","background-image":"","background-repeat":"repeat","background-position":"center center","background-size":"auto","background-attachment":"scroll","background-type":"","background-media":"","overlay-type":"","overlay-color":"","overlay-opacity":"","overlay-gradient":""},"tablet":{"background-color":"","background-image":"","background-repeat":"repeat","background-position":"center center","background-size":"auto","background-attachment":"scroll","background-type":"","background-media":"","overlay-type":"","overlay-color":"","overlay-opacity":"","overlay-gradient":""},"mobile":{"background-color":"","background-image":"","background-repeat":"repeat","background-position":"center center","background-size":"auto","background-attachment":"scroll","background-type":"","background-media":"","overlay-type":"","overlay-color":"","overlay-opacity":"","overlay-gradient":""}},"ast-content-background-meta":{"desktop":{"background-color":"var(--ast-global-color-5)","background-image":"","background-repeat":"repeat","background-position":"center center","background-size":"auto","background-attachment":"scroll","background-type":"","background-media":"","overlay-type":"","overlay-color":"","overlay-opacity":"","overlay-gradient":""},"tablet":{"background-color":"var(--ast-global-color-5)","background-image":"","background-repeat":"repeat","background-position":"center center","background-size":"auto","background-attachment":"scroll","background-type":"","background-media":"","overlay-type":"","overlay-color":"","overlay-opacity":"","overlay-gradient":""},"mobile":{"background-color":"var(--ast-global-color-5)","background-image":"","background-repeat":"repeat","background-position":"center center","background-size":"auto","background-attachment":"scroll","background-type":"","background-media":"","overlay-type":"","overlay-color":"","overlay-opacity":"","overlay-gradient":""}}},"product_brand":[],"product_cat":[84],"product_tag":[],"class_list":{"0":"post-5857","1":"product","2":"type-product","3":"status-publish","4":"has-post-thumbnail","6":"product_cat-dejeuner","7":"desktop-align-left","8":"tablet-align-left","9":"mobile-align-left","11":"first","12":"instock","13":"taxable","14":"shipping-taxable","15":"purchasable","16":"product-type-simple"},"uagb_featured_image_src":{"full":["https:\/\/chezben.bossilo.com\/wp-content\/uploads\/2025\/11\/ASS.-SALADE-SIMPLE.jpg",600,600,false],"thumbnail":["https:\/\/chezben.bossilo.com\/wp-content\/uploads\/2025\/11\/ASS.-SALADE-SIMPLE-150x150.jpg",150,150,true],"medium":["https:\/\/chezben.bossilo.com\/wp-content\/uploads\/2025\/11\/ASS.-SALADE-SIMPLE-300x300.jpg",300,300,true],"medium_large":["https:\/\/chezben.bossilo.com\/wp-content\/uploads\/2025\/11\/ASS.-SALADE-SIMPLE.jpg",600,600,false],"large":["https:\/\/chezben.bossilo.com\/wp-content\/uploads\/2025\/11\/ASS.-SALADE-SIMPLE.jpg",600,600,false],"1536x1536":["https:\/\/chezben.bossilo.com\/wp-content\/uploads\/2025\/11\/ASS.-SALADE-SIMPLE.jpg",600,600,false],"2048x2048":["https:\/\/chezben.bossilo.com\/wp-content\/uploads\/2025\/11\/ASS.-SALADE-SIMPLE.jpg",600,600,false],"woocommerce_thumbnail":["https:\/\/chezben.bossilo.com\/wp-content\/uploads\/2025\/11\/ASS.-SALADE-SIMPLE-300x300.jpg",300,300,true],"woocommerce_single":["https:\/\/chezben.bossilo.com\/wp-content\/uploads\/2025\/11\/ASS.-SALADE-SIMPLE.jpg",600,600,false],"woocommerce_gallery_thumbnail":["https:\/\/chezben.bossilo.com\/wp-content\/uploads\/2025\/11\/ASS.-SALADE-SIMPLE-100x100.jpg",100,100,true]},"uagb_author_info":{"display_name":"BOSSILO Billy","author_link":"https:\/\/chezben.bossilo.com\/?author=0"},"uagb_comment_info":0,"uagb_excerpt":"\ud83c\udf3f Le plat Une salade fra\u00eeche et l\u00e9g\u00e8re, compos\u00e9e d\u2019ingr\u00e9dients simples et naturels, id\u00e9ale pour accompagner un repas ou \u00eatre d\u00e9gust\u00e9e seule. \ud83e\udd6c La pr\u00e9paration Base : laitue ou jeunes pousses croquantes. Compl\u00e9ments : tomates juteuses, concombres croquants, oignons fins ou carottes r\u00e2p\u00e9es. Assaisonnement : un filet d\u2019huile d\u2019olive, un trait de vinaigre ou de\u2026","jetpack_sharing_enabled":true,"_links":{"self":[{"href":"https:\/\/chezben.bossilo.com\/index.php?rest_route=\/wp\/v2\/product\/5857","targetHints":{"allow":["GET"]}}],"collection":[{"href":"https:\/\/chezben.bossilo.com\/index.php?rest_route=\/wp\/v2\/product"}],"about":[{"href":"https:\/\/chezben.bossilo.com\/index.php?rest_route=\/wp\/v2\/types\/product"}],"replies":[{"embeddable":true,"href":"https:\/\/chezben.bossilo.com\/index.php?rest_route=%2Fwp%2Fv2%2Fcomments&post=5857"}],"wp:featuredmedia":[{"embeddable":true,"href":"https:\/\/chezben.bossilo.com\/index.php?rest_route=\/wp\/v2\/media\/5858"}],"wp:attachment":[{"href":"https:\/\/chezben.bossilo.com\/index.php?rest_route=%2Fwp%2Fv2%2Fmedia&parent=5857"}],"wp:term":[{"taxonomy":"product_brand","embeddable":true,"href":"https:\/\/chezben.bossilo.com\/index.php?rest_route=%2Fwp%2Fv2%2Fproduct_brand&post=5857"},{"taxonomy":"product_cat","embeddable":true,"href":"https:\/\/chezben.bossilo.com\/index.php?rest_route=%2Fwp%2Fv2%2Fproduct_cat&post=5857"},{"taxonomy":"product_tag","embeddable":true,"href":"https:\/\/chezben.bossilo.com\/index.php?rest_route=%2Fwp%2Fv2%2Fproduct_tag&post=5857"}],"curies":[{"name":"wp","href":"https:\/\/api.w.org\/{rel}","templated":true}]}}