{"id":5853,"date":"2025-11-14T10:06:26","date_gmt":"2025-11-14T10:06:26","guid":{"rendered":"https:\/\/chezben.bossilo.com\/?post_type=product&#038;p=5853"},"modified":"2025-11-14T10:11:37","modified_gmt":"2025-11-14T10:11:37","slug":"cafe-simple","status":"publish","type":"product","link":"https:\/\/chezben.bossilo.com\/?product=cafe-simple","title":{"rendered":"CAFE SIMPLE"},"content":{"rendered":"<div>\n<h3>\ud83c\udf3f Le concept<\/h3>\n<p>Le caf\u00e9 est une boisson chaude obtenue \u00e0 partir de grains de caf\u00e9 torr\u00e9fi\u00e9s et moulus, infus\u00e9s dans de l\u2019eau chaude.<\/p>\n<div><\/div>\n<h3>\ud83c\udf76 La pr\u00e9paration<\/h3>\n<ul>\n<li><strong>Grains<\/strong> : arabica ou robusta, selon l\u2019intensit\u00e9 recherch\u00e9e.<\/li>\n<li><strong>Infusion<\/strong> : r\u00e9alis\u00e9e \u00e0 la cafeti\u00e8re, \u00e0 l\u2019expresso ou simplement filtr\u00e9e.<\/li>\n<li><strong>Ar\u00f4mes<\/strong> : notes bois\u00e9es, chocolat\u00e9es ou fruit\u00e9es selon l\u2019origine et la torr\u00e9faction.<\/li>\n<\/ul>\n<div><\/div>\n<h3>\u2728 L\u2019exp\u00e9rience<\/h3>\n<p>Un caf\u00e9 simple est \u00e0 la fois <strong>\u00e9nergisant et r\u00e9confortant<\/strong> : il r\u00e9veille les sens, stimule la concentration et accompagne parfaitement un moment de d\u00e9tente ou un d\u00e9but de journ\u00e9e.<\/p>\n<div><\/div>\n<\/div>\n<div>\n<div>\n<table>\n<thead>\n<tr>\n<th><\/th>\n<th><\/th>\n<\/tr>\n<\/thead>\n<tbody>\n<tr>\n<td><\/td>\n<td><\/td>\n<\/tr>\n<tr>\n<td><\/td>\n<td><\/td>\n<\/tr>\n<tr>\n<td><\/td>\n<td><\/td>\n<\/tr>\n<\/tbody>\n<\/table>\n<\/div>\n<div><\/div>\n<\/div>\n<div><\/div>\n","protected":false},"excerpt":{"rendered":"<p>\ud83c\udf3f Le concept Le caf\u00e9 est une boisson chaude obtenue \u00e0 partir de grains de caf\u00e9 torr\u00e9fi\u00e9s et moulus, infus\u00e9s dans de l\u2019eau chaude. \ud83c\udf76 La pr\u00e9paration Grains : arabica ou robusta, selon l\u2019intensit\u00e9 recherch\u00e9e. Infusion : r\u00e9alis\u00e9e \u00e0 la cafeti\u00e8re, \u00e0 l\u2019expresso ou simplement filtr\u00e9e. Ar\u00f4mes : notes bois\u00e9es, chocolat\u00e9es ou fruit\u00e9es selon l\u2019origine [&hellip;]<\/p>\n","protected":false},"featured_media":5854,"comment_status":"open","ping_status":"closed","template":"","meta":{"_uag_custom_page_level_css":"","site-sidebar-layout":"default","site-content-layout":"","ast-site-content-layout":"default","site-content-style":"default","site-sidebar-style":"default","ast-global-header-display":"","ast-banner-title-visibility":"","ast-main-header-display":"","ast-hfb-above-header-display":"","ast-hfb-below-header-display":"","ast-hfb-mobile-header-display":"","site-post-title":"","ast-breadcrumbs-content":"","ast-featured-img":"","footer-sml-layout":"","theme-transparent-header-meta":"default","adv-header-id-meta":"","stick-header-meta":"","header-above-stick-meta":"","header-main-stick-meta":"","header-below-stick-meta":"","astra-migrate-meta-layouts":"set","ast-page-background-enabled":"default","ast-page-background-meta":{"desktop":{"background-color":"","background-image":"","background-repeat":"repeat","background-position":"center center","background-size":"auto","background-attachment":"scroll","background-type":"","background-media":"","overlay-type":"","overlay-color":"","overlay-opacity":"","overlay-gradient":""},"tablet":{"background-color":"","background-image":"","background-repeat":"repeat","background-position":"center center","background-size":"auto","background-attachment":"scroll","background-type":"","background-media":"","overlay-type":"","overlay-color":"","overlay-opacity":"","overlay-gradient":""},"mobile":{"background-color":"","background-image":"","background-repeat":"repeat","background-position":"center center","background-size":"auto","background-attachment":"scroll","background-type":"","background-media":"","overlay-type":"","overlay-color":"","overlay-opacity":"","overlay-gradient":""}},"ast-content-background-meta":{"desktop":{"background-color":"var(--ast-global-color-5)","background-image":"","background-repeat":"repeat","background-position":"center center","background-size":"auto","background-attachment":"scroll","background-type":"","background-media":"","overlay-type":"","overlay-color":"","overlay-opacity":"","overlay-gradient":""},"tablet":{"background-color":"var(--ast-global-color-5)","background-image":"","background-repeat":"repeat","background-position":"center center","background-size":"auto","background-attachment":"scroll","background-type":"","background-media":"","overlay-type":"","overlay-color":"","overlay-opacity":"","overlay-gradient":""},"mobile":{"background-color":"var(--ast-global-color-5)","background-image":"","background-repeat":"repeat","background-position":"center center","background-size":"auto","background-attachment":"scroll","background-type":"","background-media":"","overlay-type":"","overlay-color":"","overlay-opacity":"","overlay-gradient":""}}},"product_brand":[],"product_cat":[84],"product_tag":[],"class_list":{"0":"post-5853","1":"product","2":"type-product","3":"status-publish","4":"has-post-thumbnail","6":"product_cat-dejeuner","7":"desktop-align-left","8":"tablet-align-left","9":"mobile-align-left","11":"first","12":"instock","13":"taxable","14":"shipping-taxable","15":"purchasable","16":"product-type-simple"},"uagb_featured_image_src":{"full":["https:\/\/chezben.bossilo.com\/wp-content\/uploads\/2025\/11\/CAFE-SIMPLE.jpg",600,600,false],"thumbnail":["https:\/\/chezben.bossilo.com\/wp-content\/uploads\/2025\/11\/CAFE-SIMPLE-150x150.jpg",150,150,true],"medium":["https:\/\/chezben.bossilo.com\/wp-content\/uploads\/2025\/11\/CAFE-SIMPLE-300x300.jpg",300,300,true],"medium_large":["https:\/\/chezben.bossilo.com\/wp-content\/uploads\/2025\/11\/CAFE-SIMPLE.jpg",600,600,false],"large":["https:\/\/chezben.bossilo.com\/wp-content\/uploads\/2025\/11\/CAFE-SIMPLE.jpg",600,600,false],"1536x1536":["https:\/\/chezben.bossilo.com\/wp-content\/uploads\/2025\/11\/CAFE-SIMPLE.jpg",600,600,false],"2048x2048":["https:\/\/chezben.bossilo.com\/wp-content\/uploads\/2025\/11\/CAFE-SIMPLE.jpg",600,600,false],"woocommerce_thumbnail":["https:\/\/chezben.bossilo.com\/wp-content\/uploads\/2025\/11\/CAFE-SIMPLE-300x300.jpg",300,300,true],"woocommerce_single":["https:\/\/chezben.bossilo.com\/wp-content\/uploads\/2025\/11\/CAFE-SIMPLE.jpg",600,600,false],"woocommerce_gallery_thumbnail":["https:\/\/chezben.bossilo.com\/wp-content\/uploads\/2025\/11\/CAFE-SIMPLE-100x100.jpg",100,100,true]},"uagb_author_info":{"display_name":"BOSSILO Billy","author_link":"https:\/\/chezben.bossilo.com\/?author=0"},"uagb_comment_info":0,"uagb_excerpt":"\ud83c\udf3f Le concept Le caf\u00e9 est une boisson chaude obtenue \u00e0 partir de grains de caf\u00e9 torr\u00e9fi\u00e9s et moulus, infus\u00e9s dans de l\u2019eau chaude. \ud83c\udf76 La pr\u00e9paration Grains : arabica ou robusta, selon l\u2019intensit\u00e9 recherch\u00e9e. Infusion : r\u00e9alis\u00e9e \u00e0 la cafeti\u00e8re, \u00e0 l\u2019expresso ou simplement filtr\u00e9e. Ar\u00f4mes : notes bois\u00e9es, chocolat\u00e9es ou fruit\u00e9es selon l\u2019origine\u2026","jetpack_sharing_enabled":true,"_links":{"self":[{"href":"https:\/\/chezben.bossilo.com\/index.php?rest_route=\/wp\/v2\/product\/5853","targetHints":{"allow":["GET"]}}],"collection":[{"href":"https:\/\/chezben.bossilo.com\/index.php?rest_route=\/wp\/v2\/product"}],"about":[{"href":"https:\/\/chezben.bossilo.com\/index.php?rest_route=\/wp\/v2\/types\/product"}],"replies":[{"embeddable":true,"href":"https:\/\/chezben.bossilo.com\/index.php?rest_route=%2Fwp%2Fv2%2Fcomments&post=5853"}],"wp:featuredmedia":[{"embeddable":true,"href":"https:\/\/chezben.bossilo.com\/index.php?rest_route=\/wp\/v2\/media\/5854"}],"wp:attachment":[{"href":"https:\/\/chezben.bossilo.com\/index.php?rest_route=%2Fwp%2Fv2%2Fmedia&parent=5853"}],"wp:term":[{"taxonomy":"product_brand","embeddable":true,"href":"https:\/\/chezben.bossilo.com\/index.php?rest_route=%2Fwp%2Fv2%2Fproduct_brand&post=5853"},{"taxonomy":"product_cat","embeddable":true,"href":"https:\/\/chezben.bossilo.com\/index.php?rest_route=%2Fwp%2Fv2%2Fproduct_cat&post=5853"},{"taxonomy":"product_tag","embeddable":true,"href":"https:\/\/chezben.bossilo.com\/index.php?rest_route=%2Fwp%2Fv2%2Fproduct_tag&post=5853"}],"curies":[{"name":"wp","href":"https:\/\/api.w.org\/{rel}","templated":true}]}}