{"id":5851,"date":"2025-11-14T09:54:08","date_gmt":"2025-11-14T09:54:08","guid":{"rendered":"https:\/\/chezben.bossilo.com\/?post_type=product&#038;p=5851"},"modified":"2025-11-24T09:50:00","modified_gmt":"2025-11-24T09:50:00","slug":"cafe-lait","status":"publish","type":"product","link":"https:\/\/chezben.bossilo.com\/?product=cafe-lait","title":{"rendered":"CAFE +LAIT"},"content":{"rendered":"<div>\n<h3>\ud83c\udf3f Le concept<\/h3>\n<p>Le caf\u00e9 au lait est une boisson chaude et r\u00e9confortante, n\u00e9e de l\u2019alliance entre l\u2019intensit\u00e9 du caf\u00e9 et la douceur du lait.<\/p>\n<div><\/div>\n<h3>\ud83c\udf76 La pr\u00e9paration<\/h3>\n<ul>\n<li><strong>Caf\u00e9<\/strong> : cors\u00e9 ou doux selon les go\u00fbts, fra\u00eechement pr\u00e9par\u00e9 pour lib\u00e9rer ses ar\u00f4mes.<\/li>\n<li><strong>Lait<\/strong> : chaud et onctueux, parfois l\u00e9g\u00e8rement mousseux pour une texture velout\u00e9e.<\/li>\n<li><strong>Assemblage<\/strong> : le lait adoucit l\u2019amertume du caf\u00e9, cr\u00e9ant une boisson \u00e9quilibr\u00e9e et g\u00e9n\u00e9reuse.<\/li>\n<\/ul>\n<div><\/div>\n<h3>\u2728 L\u2019exp\u00e9rience<\/h3>\n<p>Le caf\u00e9 au lait \u00e9voque la <strong>simplicit\u00e9 et la chaleur matinale<\/strong> : une tasse qui r\u00e9veille en douceur, id\u00e9ale pour accompagner un petit d\u00e9jeuner ou un moment de d\u00e9tente. Son parfum m\u00eale \u00e9nergie et r\u00e9confort, symbole d\u2019un plaisir quotidien.<\/p>\n<div><\/div>\n<\/div>\n<div>\n<div>\n<table>\n<thead>\n<tr>\n<th><\/th>\n<th><\/th>\n<\/tr>\n<\/thead>\n<tbody>\n<tr>\n<td><\/td>\n<td><\/td>\n<\/tr>\n<tr>\n<td><\/td>\n<td><\/td>\n<\/tr>\n<tr>\n<td><\/td>\n<td><\/td>\n<\/tr>\n<\/tbody>\n<\/table>\n<\/div>\n<div><\/div>\n<\/div>\n<div><\/div>\n","protected":false},"excerpt":{"rendered":"<p>\ud83c\udf3f Le concept Le caf\u00e9 au lait est une boisson chaude et r\u00e9confortante, n\u00e9e de l\u2019alliance entre l\u2019intensit\u00e9 du caf\u00e9 et la douceur du lait. \ud83c\udf76 La pr\u00e9paration Caf\u00e9 : cors\u00e9 ou doux selon les go\u00fbts, fra\u00eechement pr\u00e9par\u00e9 pour lib\u00e9rer ses ar\u00f4mes. Lait : chaud et onctueux, parfois l\u00e9g\u00e8rement mousseux pour une texture velout\u00e9e. Assemblage [&hellip;]<\/p>\n","protected":false},"featured_media":5852,"comment_status":"open","ping_status":"closed","template":"","meta":{"_uag_custom_page_level_css":"","site-sidebar-layout":"default","site-content-layout":"","ast-site-content-layout":"default","site-content-style":"default","site-sidebar-style":"default","ast-global-header-display":"","ast-banner-title-visibility":"","ast-main-header-display":"","ast-hfb-above-header-display":"","ast-hfb-below-header-display":"","ast-hfb-mobile-header-display":"","site-post-title":"","ast-breadcrumbs-content":"","ast-featured-img":"","footer-sml-layout":"","theme-transparent-header-meta":"default","adv-header-id-meta":"","stick-header-meta":"","header-above-stick-meta":"","header-main-stick-meta":"","header-below-stick-meta":"","astra-migrate-meta-layouts":"set","ast-page-background-enabled":"default","ast-page-background-meta":{"desktop":{"background-color":"","background-image":"","background-repeat":"repeat","background-position":"center center","background-size":"auto","background-attachment":"scroll","background-type":"","background-media":"","overlay-type":"","overlay-color":"","overlay-opacity":"","overlay-gradient":""},"tablet":{"background-color":"","background-image":"","background-repeat":"repeat","background-position":"center center","background-size":"auto","background-attachment":"scroll","background-type":"","background-media":"","overlay-type":"","overlay-color":"","overlay-opacity":"","overlay-gradient":""},"mobile":{"background-color":"","background-image":"","background-repeat":"repeat","background-position":"center center","background-size":"auto","background-attachment":"scroll","background-type":"","background-media":"","overlay-type":"","overlay-color":"","overlay-opacity":"","overlay-gradient":""}},"ast-content-background-meta":{"desktop":{"background-color":"var(--ast-global-color-5)","background-image":"","background-repeat":"repeat","background-position":"center center","background-size":"auto","background-attachment":"scroll","background-type":"","background-media":"","overlay-type":"","overlay-color":"","overlay-opacity":"","overlay-gradient":""},"tablet":{"background-color":"var(--ast-global-color-5)","background-image":"","background-repeat":"repeat","background-position":"center center","background-size":"auto","background-attachment":"scroll","background-type":"","background-media":"","overlay-type":"","overlay-color":"","overlay-opacity":"","overlay-gradient":""},"mobile":{"background-color":"var(--ast-global-color-5)","background-image":"","background-repeat":"repeat","background-position":"center center","background-size":"auto","background-attachment":"scroll","background-type":"","background-media":"","overlay-type":"","overlay-color":"","overlay-opacity":"","overlay-gradient":""}}},"product_brand":[],"product_cat":[84],"product_tag":[],"class_list":{"0":"post-5851","1":"product","2":"type-product","3":"status-publish","4":"has-post-thumbnail","6":"product_cat-dejeuner","7":"desktop-align-left","8":"tablet-align-left","9":"mobile-align-left","11":"first","12":"instock","13":"taxable","14":"shipping-taxable","15":"purchasable","16":"product-type-simple"},"uagb_featured_image_src":{"full":["https:\/\/chezben.bossilo.com\/wp-content\/uploads\/2025\/11\/CAFE-AU-LAIT.png",1024,1024,false],"thumbnail":["https:\/\/chezben.bossilo.com\/wp-content\/uploads\/2025\/11\/CAFE-AU-LAIT-150x150.png",150,150,true],"medium":["https:\/\/chezben.bossilo.com\/wp-content\/uploads\/2025\/11\/CAFE-AU-LAIT-300x300.png",300,300,true],"medium_large":["https:\/\/chezben.bossilo.com\/wp-content\/uploads\/2025\/11\/CAFE-AU-LAIT-768x768.png",768,768,true],"large":["https:\/\/chezben.bossilo.com\/wp-content\/uploads\/2025\/11\/CAFE-AU-LAIT.png",1024,1024,false],"1536x1536":["https:\/\/chezben.bossilo.com\/wp-content\/uploads\/2025\/11\/CAFE-AU-LAIT.png",1024,1024,false],"2048x2048":["https:\/\/chezben.bossilo.com\/wp-content\/uploads\/2025\/11\/CAFE-AU-LAIT.png",1024,1024,false],"woocommerce_thumbnail":["https:\/\/chezben.bossilo.com\/wp-content\/uploads\/2025\/11\/CAFE-AU-LAIT-300x300.png",300,300,true],"woocommerce_single":["https:\/\/chezben.bossilo.com\/wp-content\/uploads\/2025\/11\/CAFE-AU-LAIT-600x600.png",600,600,true],"woocommerce_gallery_thumbnail":["https:\/\/chezben.bossilo.com\/wp-content\/uploads\/2025\/11\/CAFE-AU-LAIT-100x100.png",100,100,true]},"uagb_author_info":{"display_name":"BOSSILO Billy","author_link":"https:\/\/chezben.bossilo.com\/?author=0"},"uagb_comment_info":0,"uagb_excerpt":"\ud83c\udf3f Le concept Le caf\u00e9 au lait est une boisson chaude et r\u00e9confortante, n\u00e9e de l\u2019alliance entre l\u2019intensit\u00e9 du caf\u00e9 et la douceur du lait. \ud83c\udf76 La pr\u00e9paration Caf\u00e9 : cors\u00e9 ou doux selon les go\u00fbts, fra\u00eechement pr\u00e9par\u00e9 pour lib\u00e9rer ses ar\u00f4mes. Lait : chaud et onctueux, parfois l\u00e9g\u00e8rement mousseux pour une texture velout\u00e9e. Assemblage\u2026","jetpack_sharing_enabled":true,"_links":{"self":[{"href":"https:\/\/chezben.bossilo.com\/index.php?rest_route=\/wp\/v2\/product\/5851","targetHints":{"allow":["GET"]}}],"collection":[{"href":"https:\/\/chezben.bossilo.com\/index.php?rest_route=\/wp\/v2\/product"}],"about":[{"href":"https:\/\/chezben.bossilo.com\/index.php?rest_route=\/wp\/v2\/types\/product"}],"replies":[{"embeddable":true,"href":"https:\/\/chezben.bossilo.com\/index.php?rest_route=%2Fwp%2Fv2%2Fcomments&post=5851"}],"wp:featuredmedia":[{"embeddable":true,"href":"https:\/\/chezben.bossilo.com\/index.php?rest_route=\/wp\/v2\/media\/5852"}],"wp:attachment":[{"href":"https:\/\/chezben.bossilo.com\/index.php?rest_route=%2Fwp%2Fv2%2Fmedia&parent=5851"}],"wp:term":[{"taxonomy":"product_brand","embeddable":true,"href":"https:\/\/chezben.bossilo.com\/index.php?rest_route=%2Fwp%2Fv2%2Fproduct_brand&post=5851"},{"taxonomy":"product_cat","embeddable":true,"href":"https:\/\/chezben.bossilo.com\/index.php?rest_route=%2Fwp%2Fv2%2Fproduct_cat&post=5851"},{"taxonomy":"product_tag","embeddable":true,"href":"https:\/\/chezben.bossilo.com\/index.php?rest_route=%2Fwp%2Fv2%2Fproduct_tag&post=5851"}],"curies":[{"name":"wp","href":"https:\/\/api.w.org\/{rel}","templated":true}]}}