{"id":5748,"date":"2025-10-25T09:55:35","date_gmt":"2025-10-25T09:55:35","guid":{"rendered":"https:\/\/chezben.bossilo.com\/?post_type=product&#038;p=5748"},"modified":"2026-04-09T15:31:30","modified_gmt":"2026-04-09T15:31:30","slug":"ngulu","status":"publish","type":"product","link":"https:\/\/chezben.bossilo.com\/?product=ngulu","title":{"rendered":"NGULU"},"content":{"rendered":"<div><\/div>\n<h3>\ud83d\udc16 <strong>Ngulu \u2013 Porc grill\u00e9 \u00e0 la congolaise<\/strong><\/h3>\n<p>Le <strong>Ngulu<\/strong>, qui signifie \u00ab\u00a0porc\u00a0\u00bb en lingala, est une autre star des grillades congolaises. Pr\u00e9par\u00e9 avec soin, il se distingue par :<\/p>\n<ul>\n<li>Une <strong>cuisson au feu de bois ou au charbon<\/strong>, qui lui conf\u00e8re un go\u00fbt fum\u00e9 inimitable.<\/li>\n<li>Une <strong>marinade \u00e9pic\u00e9e<\/strong> \u00e0 base d\u2019ail, piment, citron, et parfois de bi\u00e8re locale pour attendrir la viande.<\/li>\n<li>Une <strong>peau croustillante<\/strong> et une chair juteuse, souvent servie avec une sauce piquante maison.<\/li>\n<\/ul>\n<p>Le Ngulu est un incontournable des f\u00eates, des r\u00e9unions de famille ou des soir\u00e9es entre amis, souvent d\u00e9gust\u00e9 avec une boisson fra\u00eeche et une ambiance anim\u00e9e.<\/p>\n<div><\/div>\n<p>&nbsp;<\/p>\n<div>\n<div>\n<table>\n<thead>\n<tr>\n<th><\/th>\n<th><\/th>\n<\/tr>\n<\/thead>\n<tbody>\n<tr>\n<td><\/td>\n<td><\/td>\n<\/tr>\n<tr>\n<td><\/td>\n<td><\/td>\n<\/tr>\n<tr>\n<td><\/td>\n<td><\/td>\n<\/tr>\n<\/tbody>\n<\/table>\n<\/div>\n<div><\/div>\n<\/div>\n<div><\/div>\n","protected":false},"excerpt":{"rendered":"<p>\ud83d\udc16 Ngulu \u2013 Porc grill\u00e9 \u00e0 la congolaise Le Ngulu, qui signifie \u00ab\u00a0porc\u00a0\u00bb en lingala, est une autre star des grillades congolaises. Pr\u00e9par\u00e9 avec soin, il se distingue par : Une cuisson au feu de bois ou au charbon, qui lui conf\u00e8re un go\u00fbt fum\u00e9 inimitable. Une marinade \u00e9pic\u00e9e \u00e0 base d\u2019ail, piment, citron, et [&hellip;]<\/p>\n","protected":false},"featured_media":5753,"comment_status":"open","ping_status":"closed","template":"","meta":{"_uag_custom_page_level_css":"","site-sidebar-layout":"default","site-content-layout":"","ast-site-content-layout":"default","site-content-style":"default","site-sidebar-style":"default","ast-global-header-display":"","ast-banner-title-visibility":"","ast-main-header-display":"","ast-hfb-above-header-display":"","ast-hfb-below-header-display":"","ast-hfb-mobile-header-display":"","site-post-title":"","ast-breadcrumbs-content":"","ast-featured-img":"","footer-sml-layout":"","theme-transparent-header-meta":"default","adv-header-id-meta":"","stick-header-meta":"","header-above-stick-meta":"","header-main-stick-meta":"","header-below-stick-meta":"","astra-migrate-meta-layouts":"set","ast-page-background-enabled":"default","ast-page-background-meta":{"desktop":{"background-color":"","background-image":"","background-repeat":"repeat","background-position":"center center","background-size":"auto","background-attachment":"scroll","background-type":"","background-media":"","overlay-type":"","overlay-color":"","overlay-opacity":"","overlay-gradient":""},"tablet":{"background-color":"","background-image":"","background-repeat":"repeat","background-position":"center center","background-size":"auto","background-attachment":"scroll","background-type":"","background-media":"","overlay-type":"","overlay-color":"","overlay-opacity":"","overlay-gradient":""},"mobile":{"background-color":"","background-image":"","background-repeat":"repeat","background-position":"center center","background-size":"auto","background-attachment":"scroll","background-type":"","background-media":"","overlay-type":"","overlay-color":"","overlay-opacity":"","overlay-gradient":""}},"ast-content-background-meta":{"desktop":{"background-color":"var(--ast-global-color-5)","background-image":"","background-repeat":"repeat","background-position":"center center","background-size":"auto","background-attachment":"scroll","background-type":"","background-media":"","overlay-type":"","overlay-color":"","overlay-opacity":"","overlay-gradient":""},"tablet":{"background-color":"var(--ast-global-color-5)","background-image":"","background-repeat":"repeat","background-position":"center center","background-size":"auto","background-attachment":"scroll","background-type":"","background-media":"","overlay-type":"","overlay-color":"","overlay-opacity":"","overlay-gradient":""},"mobile":{"background-color":"var(--ast-global-color-5)","background-image":"","background-repeat":"repeat","background-position":"center center","background-size":"auto","background-attachment":"scroll","background-type":"","background-media":"","overlay-type":"","overlay-color":"","overlay-opacity":"","overlay-gradient":""}}},"product_brand":[],"product_cat":[47,43],"product_tag":[],"class_list":{"0":"post-5748","1":"product","2":"type-product","3":"status-publish","4":"has-post-thumbnail","6":"product_cat-specialites-locales-ou-internationales","7":"product_cat-viandes-grillees-ou-en-sauce","8":"desktop-align-left","9":"tablet-align-left","10":"mobile-align-left","12":"first","13":"outofstock","14":"taxable","15":"shipping-taxable","16":"purchasable","17":"product-type-simple"},"uagb_featured_image_src":{"full":["https:\/\/chezben.bossilo.com\/wp-content\/uploads\/2025\/10\/Ngulu-porc-grille-\u2013-avec-banane-plantain-et-sauce-verte.jpg",1000,1000,false],"thumbnail":["https:\/\/chezben.bossilo.com\/wp-content\/uploads\/2025\/10\/Ngulu-porc-grille-\u2013-avec-banane-plantain-et-sauce-verte-150x150.jpg",150,150,true],"medium":["https:\/\/chezben.bossilo.com\/wp-content\/uploads\/2025\/10\/Ngulu-porc-grille-\u2013-avec-banane-plantain-et-sauce-verte-300x300.jpg",300,300,true],"medium_large":["https:\/\/chezben.bossilo.com\/wp-content\/uploads\/2025\/10\/Ngulu-porc-grille-\u2013-avec-banane-plantain-et-sauce-verte-768x768.jpg",768,768,true],"large":["https:\/\/chezben.bossilo.com\/wp-content\/uploads\/2025\/10\/Ngulu-porc-grille-\u2013-avec-banane-plantain-et-sauce-verte.jpg",1000,1000,false],"1536x1536":["https:\/\/chezben.bossilo.com\/wp-content\/uploads\/2025\/10\/Ngulu-porc-grille-\u2013-avec-banane-plantain-et-sauce-verte.jpg",1000,1000,false],"2048x2048":["https:\/\/chezben.bossilo.com\/wp-content\/uploads\/2025\/10\/Ngulu-porc-grille-\u2013-avec-banane-plantain-et-sauce-verte.jpg",1000,1000,false],"woocommerce_thumbnail":["https:\/\/chezben.bossilo.com\/wp-content\/uploads\/2025\/10\/Ngulu-porc-grille-\u2013-avec-banane-plantain-et-sauce-verte-300x300.jpg",300,300,true],"woocommerce_single":["https:\/\/chezben.bossilo.com\/wp-content\/uploads\/2025\/10\/Ngulu-porc-grille-\u2013-avec-banane-plantain-et-sauce-verte-600x600.jpg",600,600,true],"woocommerce_gallery_thumbnail":["https:\/\/chezben.bossilo.com\/wp-content\/uploads\/2025\/10\/Ngulu-porc-grille-\u2013-avec-banane-plantain-et-sauce-verte-100x100.jpg",100,100,true]},"uagb_author_info":{"display_name":"BOSSILO Billy","author_link":"https:\/\/chezben.bossilo.com\/?author=0"},"uagb_comment_info":0,"uagb_excerpt":"\ud83d\udc16 Ngulu \u2013 Porc grill\u00e9 \u00e0 la congolaise Le Ngulu, qui signifie \u00ab\u00a0porc\u00a0\u00bb en lingala, est une autre star des grillades congolaises. Pr\u00e9par\u00e9 avec soin, il se distingue par : Une cuisson au feu de bois ou au charbon, qui lui conf\u00e8re un go\u00fbt fum\u00e9 inimitable. Une marinade \u00e9pic\u00e9e \u00e0 base d\u2019ail, piment, citron, et\u2026","jetpack_sharing_enabled":true,"_links":{"self":[{"href":"https:\/\/chezben.bossilo.com\/index.php?rest_route=\/wp\/v2\/product\/5748","targetHints":{"allow":["GET"]}}],"collection":[{"href":"https:\/\/chezben.bossilo.com\/index.php?rest_route=\/wp\/v2\/product"}],"about":[{"href":"https:\/\/chezben.bossilo.com\/index.php?rest_route=\/wp\/v2\/types\/product"}],"replies":[{"embeddable":true,"href":"https:\/\/chezben.bossilo.com\/index.php?rest_route=%2Fwp%2Fv2%2Fcomments&post=5748"}],"wp:featuredmedia":[{"embeddable":true,"href":"https:\/\/chezben.bossilo.com\/index.php?rest_route=\/wp\/v2\/media\/5753"}],"wp:attachment":[{"href":"https:\/\/chezben.bossilo.com\/index.php?rest_route=%2Fwp%2Fv2%2Fmedia&parent=5748"}],"wp:term":[{"taxonomy":"product_brand","embeddable":true,"href":"https:\/\/chezben.bossilo.com\/index.php?rest_route=%2Fwp%2Fv2%2Fproduct_brand&post=5748"},{"taxonomy":"product_cat","embeddable":true,"href":"https:\/\/chezben.bossilo.com\/index.php?rest_route=%2Fwp%2Fv2%2Fproduct_cat&post=5748"},{"taxonomy":"product_tag","embeddable":true,"href":"https:\/\/chezben.bossilo.com\/index.php?rest_route=%2Fwp%2Fv2%2Fproduct_tag&post=5748"}],"curies":[{"name":"wp","href":"https:\/\/api.w.org\/{rel}","templated":true}]}}